{"id":3094,"date":"2026-01-31T22:01:37","date_gmt":"2026-01-31T21:01:37","guid":{"rendered":"https:\/\/consalta.ba\/?page_id=3094"},"modified":"2026-02-01T10:48:22","modified_gmt":"2026-02-01T09:48:22","slug":"pravila-o-kolacicima","status":"publish","type":"page","link":"https:\/\/consalta.ba\/ba\/cookie-policy\/","title":{"rendered":"Politika o kola\u010di\u0107ima"},"content":{"rendered":"<div data-elementor-type=\"wp-post\" data-elementor-id=\"3094\" class=\"elementor elementor-3094\">\n\t\t\t\t\t\t<section class=\"elementor-section elementor-top-section elementor-element elementor-element-4ae63c00 elementor-section-height-min-height elementor-section-boxed elementor-section-height-default elementor-section-items-middle elementor-invisible\" data-id=\"4ae63c00\" data-element_type=\"section\" data-e-type=\"section\" data-settings=\"{&quot;background_background&quot;:&quot;classic&quot;,&quot;animation&quot;:&quot;fadeIn&quot;}\">\n\t\t\t\t\t\t\t<div class=\"elementor-background-overlay\"><\/div>\n\t\t\t\t\t\t\t<div class=\"elementor-container elementor-column-gap-no\">\n\t\t\t\t\t<div class=\"elementor-column elementor-col-100 elementor-top-column elementor-element elementor-element-2df56f35\" data-id=\"2df56f35\" data-element_type=\"column\" data-e-type=\"column\">\n\t\t\t<div class=\"elementor-widget-wrap elementor-element-populated\">\n\t\t\t\t\t\t<div class=\"elementor-element elementor-element-2afa6b23 elementor-widget elementor-widget-heading\" data-id=\"2afa6b23\" data-element_type=\"widget\" data-e-type=\"widget\" data-widget_type=\"heading.default\">\n\t\t\t\t<div class=\"elementor-widget-container\">\n\t\t\t\t\t<h1 class=\"elementor-heading-title elementor-size-default\">Politika o kola\u010di\u0107ima <\/h1>\t\t\t\t<\/div>\n\t\t\t\t<\/div>\n\t\t\t\t\t<\/div>\n\t\t<\/div>\n\t\t\t\t\t<\/div>\n\t\t<\/section>\n\t\t\t\t<section class=\"elementor-section elementor-top-section elementor-element elementor-element-3cabdd3 elementor-section-boxed elementor-section-height-default elementor-section-height-default\" data-id=\"3cabdd3\" data-element_type=\"section\" data-e-type=\"section\">\n\t\t\t\t\t\t<div class=\"elementor-container elementor-column-gap-default\">\n\t\t\t\t\t<div class=\"elementor-column elementor-col-100 elementor-top-column elementor-element elementor-element-e8bb622\" data-id=\"e8bb622\" data-element_type=\"column\" data-e-type=\"column\">\n\t\t\t<div class=\"elementor-widget-wrap elementor-element-populated\">\n\t\t\t\t\t\t<div class=\"elementor-element elementor-element-bfe41b6 elementor-widget elementor-widget-text-editor\" data-id=\"bfe41b6\" data-element_type=\"widget\" data-e-type=\"widget\" data-widget_type=\"text-editor.default\">\n\t\t\t\t<div class=\"elementor-widget-container\">\n\t\t\t\t\t\t\t\t\t<p data-path-to-node=\"6\">\u00a0<\/p><h2 data-path-to-node=\"6\">1. \u0160ta su kola\u010di\u0107i?<\/h2><p data-path-to-node=\"7\">Kola\u010di\u0107i su male tekstualne datoteke koje se koriste za pohranu informacija. Oni se pohranjuju na Va\u0161 ure\u0111aj kada se web stranica u\u010dita u Va\u0161em pretra\u017eiva\u010du. Ovi kola\u010di\u0107i nam poma\u017eu da web stranica ispravno funkcioni\u0161e, bude sigurnija i pru\u017ei bolje korisni\u010dko iskustvo.<\/p><h2 data-path-to-node=\"8\">2. Kako koristimo kola\u010di\u0107e<\/h2><p data-path-to-node=\"9\">Na\u0161a web stranica koristi kola\u010di\u0107e prve i tre\u0107e strane za nekoliko svrha:<\/p><ul data-path-to-node=\"10\"><li><p data-path-to-node=\"10,0,0\"><b data-path-to-node=\"10,0,0\" data-index-in-node=\"0\">Neophodni kola\u010di\u0107i:<\/b> Ovi kola\u010di\u0107i su klju\u010dni za osnovne funkcionalnosti stranice, kao \u0161to je upravljanje Va\u0161im postavkama pristanka. Oni ne prikupljaju nikakve li\u010dne podatke.<\/p><\/li><li><p data-path-to-node=\"10,1,0\"><b data-path-to-node=\"10,1,0\" data-index-in-node=\"0\">Analiti\u010dki kola\u010di\u0107i<\/b> Koristimo Google Analytics kako bismo razumjeli na koji na\u010din posjetioci komuniciraju sa na\u0161om web stranicom, \u0161to nam poma\u017ee da pobolj\u0161amo na\u0161 sadr\u017eaj i korisni\u010dko iskustvo.<\/p><\/li><\/ul><h2 data-path-to-node=\"11\">3. Kola\u010di\u0107i koji se koriste na consalta.ba<\/h2><p data-path-to-node=\"12\">Na osnovu konfiguracije sajta, koristimo sljede\u0107e kola\u010di\u0107e:<\/p><table data-path-to-node=\"13\"><thead><tr><td><strong>Kola\u010di\u0107<\/strong><\/td><td><strong>Trajanje<\/strong><\/td><td><strong>Tip<\/strong><\/td><td><strong>Opis<\/strong><\/td><\/tr><\/thead><tbody><tr><td><span data-path-to-node=\"13,1,0,0\"><b data-path-to-node=\"13,1,0,0\" data-index-in-node=\"0\">cookieyes-saglasnost<\/b><\/span><\/td><td><span data-path-to-node=\"13,1,1,0\">6 mjeseci<\/span><\/td><td><span data-path-to-node=\"13,1,2,0\">Neophodan<\/span><\/td><td><span data-path-to-node=\"13,1,3,0\">Pamti Va\u0161e postavke pristanka.<\/span><\/td><\/tr><tr><td><span data-path-to-node=\"13,2,0,0\"><b data-path-to-node=\"13,2,0,0\" data-index-in-node=\"0\">wpEmojiPostavkePodr\u017eava<\/b><\/span><\/td><td><span data-path-to-node=\"13,2,1,0\">Sesija<\/span><\/td><td><span data-path-to-node=\"13,2,2,0\">Neophodan<\/span><\/td><td><span data-path-to-node=\"13,2,3,0\">Poma\u017ee WordPress-u da ispravno prika\u017ee emojije.<\/span><\/td><\/tr><tr><td><span data-path-to-node=\"13,3,0,0\"><b data-path-to-node=\"13,3,0,0\" data-index-in-node=\"0\">_ga<\/b><\/span><\/td><td><span data-path-to-node=\"13,3,1,0\">2 godine<\/span><\/td><td><span data-path-to-node=\"13,3,2,0\">Analitika<\/span><\/td><td><span data-path-to-node=\"13,3,3,0\">Koristi ga Google Analytics za razlikovanje korisnika.<\/span><\/td><\/tr><tr><td><span data-path-to-node=\"13,4,0,0\"><b data-path-to-node=\"13,4,0,0\" data-index-in-node=\"0\"><i data-path-to-node=\"13,4,0,0\" data-index-in-node=\"0\">ga<\/i><\/b>*<\/span><\/td><td><span data-path-to-node=\"13,4,1,0\">1 godina<\/span><\/td><td><span data-path-to-node=\"13,4,2,0\">Analitika<\/span><\/td><td><span data-path-to-node=\"13,4,3,0\">Koristi ga Google Analytics za odr\u017eavanje stanja sesije.<\/span><\/td><\/tr><\/tbody><\/table><h2 data-path-to-node=\"14\">4. Kako mogu kontrolisati postavke kola\u010di\u0107a?<\/h2><p data-path-to-node=\"15\">Svojim postavkama kola\u010di\u0107a mo\u017eete upravljati u bilo kojem trenutku klikom na dugme \"Customise\" u na\u0161em banneru za kola\u010di\u0107e. Dodatno, mo\u017eete promijeniti postavke svog pretra\u017eiva\u010da kako biste blokirali ili izbrisali kola\u010di\u0107e.<\/p>\t\t\t\t\t\t\t\t<\/div>\n\t\t\t\t<\/div>\n\t\t\t\t\t<\/div>\n\t\t<\/div>\n\t\t\t\t\t<\/div>\n\t\t<\/section>\n\t\t\t\t<\/div>","protected":false},"excerpt":{"rendered":"<p>Cookie Policy \u00a0 1. What are cookies? Cookies are small text files used to store small pieces of information. They are stored on your device when the website is loaded [&hellip;]<\/p>\n","protected":false},"author":1,"featured_media":0,"parent":0,"menu_order":0,"comment_status":"closed","ping_status":"closed","template":"","meta":{"site-sidebar-layout":"no-sidebar","site-content-layout":"page-builder","ast-site-content-layout":"full-width-container","site-content-style":"unboxed","site-sidebar-style":"unboxed","ast-global-header-display":"","ast-banner-title-visibility":"","ast-main-header-display":"","ast-hfb-above-header-display":"","ast-hfb-below-header-display":"","ast-hfb-mobile-header-display":"","site-post-title":"disabled","ast-breadcrumbs-content":"","ast-featured-img":"disabled","footer-sml-layout":"","ast-disable-related-posts":"","theme-transparent-header-meta":"enabled","adv-header-id-meta":"","stick-header-meta":"","header-above-stick-meta":"","header-main-stick-meta":"","header-below-stick-meta":"","astra-migrate-meta-layouts":"set","ast-page-background-enabled":"default","ast-page-background-meta":{"desktop":{"background-color":"","background-image":"","background-repeat":"repeat","background-position":"center center","background-size":"auto","background-attachment":"scroll","background-type":"","background-media":"","overlay-type":"","overlay-color":"","overlay-opacity":"","overlay-gradient":""},"tablet":{"background-color":"","background-image":"","background-repeat":"repeat","background-position":"center center","background-size":"auto","background-attachment":"scroll","background-type":"","background-media":"","overlay-type":"","overlay-color":"","overlay-opacity":"","overlay-gradient":""},"mobile":{"background-color":"","background-image":"","background-repeat":"repeat","background-position":"center center","background-size":"auto","background-attachment":"scroll","background-type":"","background-media":"","overlay-type":"","overlay-color":"","overlay-opacity":"","overlay-gradient":""}},"ast-content-background-meta":{"desktop":{"background-color":"var(--ast-global-color-5)","background-image":"","background-repeat":"repeat","background-position":"center center","background-size":"auto","background-attachment":"scroll","background-type":"","background-media":"","overlay-type":"","overlay-color":"","overlay-opacity":"","overlay-gradient":""},"tablet":{"background-color":"var(--ast-global-color-5)","background-image":"","background-repeat":"repeat","background-position":"center center","background-size":"auto","background-attachment":"scroll","background-type":"","background-media":"","overlay-type":"","overlay-color":"","overlay-opacity":"","overlay-gradient":""},"mobile":{"background-color":"var(--ast-global-color-5)","background-image":"","background-repeat":"repeat","background-position":"center center","background-size":"auto","background-attachment":"scroll","background-type":"","background-media":"","overlay-type":"","overlay-color":"","overlay-opacity":"","overlay-gradient":""}},"footnotes":""},"class_list":["post-3094","page","type-page","status-publish","hentry"],"yoast_head":"<!-- This site is optimized with the Yoast SEO plugin v27.3 - https:\/\/yoast.com\/product\/yoast-seo-wordpress\/ -->\n<title>Cookie Policy - Consalta<\/title>\n<meta name=\"robots\" content=\"index, follow, max-snippet:-1, max-image-preview:large, max-video-preview:-1\" \/>\n<link rel=\"canonical\" href=\"https:\/\/consalta.ba\/ba\/pravila-o-kolacicima\/\" \/>\n<meta property=\"og:locale\" content=\"bs_BA\" \/>\n<meta property=\"og:type\" content=\"article\" \/>\n<meta property=\"og:title\" content=\"Cookie Policy - Consalta\" \/>\n<meta property=\"og:description\" content=\"Cookie Policy \u00a0 1. What are cookies? Cookies are small text files used to store small pieces of information. They are stored on your device when the website is loaded [&hellip;]\" \/>\n<meta property=\"og:url\" content=\"https:\/\/consalta.ba\/ba\/pravila-o-kolacicima\/\" \/>\n<meta property=\"og:site_name\" content=\"Consalta\" \/>\n<meta property=\"article:modified_time\" content=\"2026-02-01T09:48:22+00:00\" \/>\n<meta name=\"twitter:card\" content=\"summary_large_image\" \/>\n<meta name=\"twitter:label1\" content=\"Est. reading time\" \/>\n\t<meta name=\"twitter:data1\" content=\"1 minuta\" \/>\n<script type=\"application\/ld+json\" class=\"yoast-schema-graph\">{\"@context\":\"https:\\\/\\\/schema.org\",\"@graph\":[{\"@type\":\"WebPage\",\"@id\":\"https:\\\/\\\/consalta.ba\\\/en\\\/cookie-policy\\\/\",\"url\":\"https:\\\/\\\/consalta.ba\\\/en\\\/cookie-policy\\\/\",\"name\":\"Cookie Policy - Consalta\",\"isPartOf\":{\"@id\":\"https:\\\/\\\/consalta.ba\\\/en\\\/#website\"},\"datePublished\":\"2026-01-31T21:01:37+00:00\",\"dateModified\":\"2026-02-01T09:48:22+00:00\",\"breadcrumb\":{\"@id\":\"https:\\\/\\\/consalta.ba\\\/en\\\/cookie-policy\\\/#breadcrumb\"},\"inLanguage\":\"bs-BA\",\"potentialAction\":[{\"@type\":\"ReadAction\",\"target\":[\"https:\\\/\\\/consalta.ba\\\/en\\\/cookie-policy\\\/\"]}]},{\"@type\":\"BreadcrumbList\",\"@id\":\"https:\\\/\\\/consalta.ba\\\/en\\\/cookie-policy\\\/#breadcrumb\",\"itemListElement\":[{\"@type\":\"ListItem\",\"position\":1,\"name\":\"Home\",\"item\":\"https:\\\/\\\/consalta.ba\\\/en\\\/\"},{\"@type\":\"ListItem\",\"position\":2,\"name\":\"Cookie Policy\"}]},{\"@type\":\"WebSite\",\"@id\":\"https:\\\/\\\/consalta.ba\\\/en\\\/#website\",\"url\":\"https:\\\/\\\/consalta.ba\\\/en\\\/\",\"name\":\"Consalta\",\"description\":\"Get Certified!\",\"publisher\":{\"@id\":\"https:\\\/\\\/consalta.ba\\\/en\\\/#organization\"},\"potentialAction\":[{\"@type\":\"SearchAction\",\"target\":{\"@type\":\"EntryPoint\",\"urlTemplate\":\"https:\\\/\\\/consalta.ba\\\/en\\\/?s={search_term_string}\"},\"query-input\":{\"@type\":\"PropertyValueSpecification\",\"valueRequired\":true,\"valueName\":\"search_term_string\"}}],\"inLanguage\":\"bs-BA\"},{\"@type\":\"Organization\",\"@id\":\"https:\\\/\\\/consalta.ba\\\/en\\\/#organization\",\"name\":\"Consalta\",\"url\":\"https:\\\/\\\/consalta.ba\\\/en\\\/\",\"logo\":{\"@type\":\"ImageObject\",\"inLanguage\":\"bs-BA\",\"@id\":\"https:\\\/\\\/consalta.ba\\\/en\\\/#\\\/schema\\\/logo\\\/image\\\/\",\"url\":\"https:\\\/\\\/consalta.ba\\\/wp-content\\\/uploads\\\/2024\\\/11\\\/Logo-getcert-2024_transpback_blue-black.png\",\"contentUrl\":\"https:\\\/\\\/consalta.ba\\\/wp-content\\\/uploads\\\/2024\\\/11\\\/Logo-getcert-2024_transpback_blue-black.png\",\"width\":\"617\",\"height\":\"90\",\"caption\":\"Consalta\"},\"image\":{\"@id\":\"https:\\\/\\\/consalta.ba\\\/en\\\/#\\\/schema\\\/logo\\\/image\\\/\"},\"sameAs\":[\"https:\\\/\\\/ba.linkedin.com\\\/company\\\/consalta-d.o.o.\"]}]}<\/script>\n<!-- \/ Yoast SEO plugin. -->","yoast_head_json":{"title":"Pravila o kola\u010di\u0107ima - Consalta","robots":{"index":"index","follow":"follow","max-snippet":"max-snippet:-1","max-image-preview":"max-image-preview:large","max-video-preview":"max-video-preview:-1"},"canonical":"https:\/\/consalta.ba\/ba\/pravila-o-kolacicima\/","og_locale":"bs_BA","og_type":"article","og_title":"Cookie Policy - Consalta","og_description":"Cookie Policy \u00a0 1. What are cookies? Cookies are small text files used to store small pieces of information. They are stored on your device when the website is loaded [&hellip;]","og_url":"https:\/\/consalta.ba\/ba\/pravila-o-kolacicima\/","og_site_name":"Consalta","article_modified_time":"2026-02-01T09:48:22+00:00","twitter_card":"summary_large_image","twitter_misc":{"Est. reading time":"1 minuta"},"schema":{"@context":"https:\/\/schema.org","@graph":[{"@type":"WebPage","@id":"https:\/\/consalta.ba\/en\/cookie-policy\/","url":"https:\/\/consalta.ba\/en\/cookie-policy\/","name":"Pravila o kola\u010di\u0107ima - Consalta","isPartOf":{"@id":"https:\/\/consalta.ba\/en\/#website"},"datePublished":"2026-01-31T21:01:37+00:00","dateModified":"2026-02-01T09:48:22+00:00","breadcrumb":{"@id":"https:\/\/consalta.ba\/en\/cookie-policy\/#breadcrumb"},"inLanguage":"bs-BA","potentialAction":[{"@type":"ReadAction","target":["https:\/\/consalta.ba\/en\/cookie-policy\/"]}]},{"@type":"BreadcrumbList","@id":"https:\/\/consalta.ba\/en\/cookie-policy\/#breadcrumb","itemListElement":[{"@type":"ListItem","position":1,"name":"Home","item":"https:\/\/consalta.ba\/en\/"},{"@type":"ListItem","position":2,"name":"Cookie Policy"}]},{"@type":"WebSite","@id":"https:\/\/consalta.ba\/en\/#website","url":"https:\/\/consalta.ba\/en\/","name":"Consalta","description":"Obezbijedite certifikat!","publisher":{"@id":"https:\/\/consalta.ba\/en\/#organization"},"potentialAction":[{"@type":"SearchAction","target":{"@type":"EntryPoint","urlTemplate":"https:\/\/consalta.ba\/en\/?s={search_term_string}"},"query-input":{"@type":"PropertyValueSpecification","valueRequired":true,"valueName":"search_term_string"}}],"inLanguage":"bs-BA"},{"@type":"Organization","@id":"https:\/\/consalta.ba\/en\/#organization","name":"Consalta","url":"https:\/\/consalta.ba\/en\/","logo":{"@type":"ImageObject","inLanguage":"bs-BA","@id":"https:\/\/consalta.ba\/en\/#\/schema\/logo\/image\/","url":"https:\/\/consalta.ba\/wp-content\/uploads\/2024\/11\/Logo-getcert-2024_transpback_blue-black.png","contentUrl":"https:\/\/consalta.ba\/wp-content\/uploads\/2024\/11\/Logo-getcert-2024_transpback_blue-black.png","width":"617","height":"90","caption":"Consalta"},"image":{"@id":"https:\/\/consalta.ba\/en\/#\/schema\/logo\/image\/"},"sameAs":["https:\/\/ba.linkedin.com\/company\/consalta-d.o.o."]}]}},"rttpg_featured_image_url":null,"rttpg_author":{"display_name":"OJB","author_link":"https:\/\/consalta.ba\/ba\/author\/admin_8k999oh2\/"},"rttpg_comment":0,"rttpg_category":null,"rttpg_excerpt":"Cookie Policy \u00a0 1. What are cookies? Cookies are small text files used to store small pieces of information. They are stored on your device when the website is loaded [&hellip;]","_links":{"self":[{"href":"https:\/\/consalta.ba\/ba\/wp-json\/wp\/v2\/pages\/3094","targetHints":{"allow":["GET"]}}],"collection":[{"href":"https:\/\/consalta.ba\/ba\/wp-json\/wp\/v2\/pages"}],"about":[{"href":"https:\/\/consalta.ba\/ba\/wp-json\/wp\/v2\/types\/page"}],"author":[{"embeddable":true,"href":"https:\/\/consalta.ba\/ba\/wp-json\/wp\/v2\/users\/1"}],"replies":[{"embeddable":true,"href":"https:\/\/consalta.ba\/ba\/wp-json\/wp\/v2\/comments?post=3094"}],"version-history":[{"count":8,"href":"https:\/\/consalta.ba\/ba\/wp-json\/wp\/v2\/pages\/3094\/revisions"}],"predecessor-version":[{"id":3108,"href":"https:\/\/consalta.ba\/ba\/wp-json\/wp\/v2\/pages\/3094\/revisions\/3108"}],"wp:attachment":[{"href":"https:\/\/consalta.ba\/ba\/wp-json\/wp\/v2\/media?parent=3094"}],"curies":[{"name":"wp","href":"https:\/\/api.w.org\/{rel}","templated":true}]}}