{"id":1991,"date":"2023-04-14T17:50:21","date_gmt":"2023-04-14T15:50:21","guid":{"rendered":"https:\/\/consalta.ba\/?page_id=1991"},"modified":"2024-10-21T21:55:58","modified_gmt":"2024-10-21T19:55:58","slug":"sistemi-upravljanja","status":"publish","type":"page","link":"https:\/\/consalta.ba\/ba\/management-systems\/","title":{"rendered":"Sistemi upravljanja"},"content":{"rendered":"<div data-elementor-type=\"wp-page\" data-elementor-id=\"1991\" class=\"elementor elementor-1991\">\n\t\t\t\t\t\t<section class=\"elementor-section elementor-top-section elementor-element elementor-element-6a0adbdf elementor-section-height-min-height elementor-section-boxed elementor-section-height-default elementor-section-items-middle\" data-id=\"6a0adbdf\" data-element_type=\"section\" data-e-type=\"section\" data-settings=\"{&quot;background_background&quot;:&quot;classic&quot;}\">\n\t\t\t\t\t\t\t<div class=\"elementor-background-overlay\"><\/div>\n\t\t\t\t\t\t\t<div class=\"elementor-container elementor-column-gap-no\">\n\t\t\t\t\t<div class=\"elementor-column elementor-col-100 elementor-top-column elementor-element elementor-element-3124a4fa\" data-id=\"3124a4fa\" data-element_type=\"column\" data-e-type=\"column\">\n\t\t\t<div class=\"elementor-widget-wrap elementor-element-populated\">\n\t\t\t\t\t\t<div class=\"elementor-element elementor-element-40e725b4 elementor-widget-divider--view-line elementor-widget elementor-widget-divider\" data-id=\"40e725b4\" data-element_type=\"widget\" data-e-type=\"widget\" data-widget_type=\"divider.default\">\n\t\t\t\t<div class=\"elementor-widget-container\">\n\t\t\t\t\t\t\t<div class=\"elementor-divider\">\n\t\t\t<span class=\"elementor-divider-separator\">\n\t\t\t\t\t\t<\/span>\n\t\t<\/div>\n\t\t\t\t\t\t<\/div>\n\t\t\t\t<\/div>\n\t\t\t\t<div class=\"elementor-element elementor-element-4a08fff elementor-widget elementor-widget-text-editor\" data-id=\"4a08fff\" data-element_type=\"widget\" data-e-type=\"widget\" data-widget_type=\"text-editor.default\">\n\t\t\t\t<div class=\"elementor-widget-container\">\n\t\t\t\t\t\t\t\t\t<p>U skladu sa ISO standardima<\/p>\t\t\t\t\t\t\t\t<\/div>\n\t\t\t\t<\/div>\n\t\t\t\t<div class=\"elementor-element elementor-element-7542f108 elementor-widget elementor-widget-heading\" data-id=\"7542f108\" data-element_type=\"widget\" data-e-type=\"widget\" data-widget_type=\"heading.default\">\n\t\t\t\t<div class=\"elementor-widget-container\">\n\t\t\t\t\t<h1 class=\"elementor-heading-title elementor-size-default\">Sistemi upravljanja <\/h1>\t\t\t\t<\/div>\n\t\t\t\t<\/div>\n\t\t\t\t\t<\/div>\n\t\t<\/div>\n\t\t\t\t\t<\/div>\n\t\t<\/section>\n\t\t\t\t<section class=\"elementor-section elementor-top-section elementor-element elementor-element-69dec8a elementor-section-boxed elementor-section-height-default elementor-section-height-default\" data-id=\"69dec8a\" data-element_type=\"section\" data-e-type=\"section\">\n\t\t\t\t\t\t<div class=\"elementor-container elementor-column-gap-default\">\n\t\t\t\t\t<div class=\"elementor-column elementor-col-100 elementor-top-column elementor-element elementor-element-73476ce\" data-id=\"73476ce\" data-element_type=\"column\" data-e-type=\"column\">\n\t\t\t<div class=\"elementor-widget-wrap elementor-element-populated\">\n\t\t\t\t\t\t<div class=\"elementor-element elementor-element-609d48f elementor-view-default elementor-invisible elementor-widget elementor-widget-icon\" data-id=\"609d48f\" data-element_type=\"widget\" data-e-type=\"widget\" data-settings=\"{&quot;_animation&quot;:&quot;zoomInDown&quot;,&quot;_animation_delay&quot;:700}\" data-widget_type=\"icon.default\">\n\t\t\t\t<div class=\"elementor-widget-container\">\n\t\t\t\t\t\t\t<div class=\"elementor-icon-wrapper\">\n\t\t\t<a class=\"elementor-icon\" href=\"#ms-s2\">\n\t\t\t<i aria-hidden=\"true\" class=\"fas fa-chevron-down\"><\/i>\t\t\t<\/a>\n\t\t<\/div>\n\t\t\t\t\t\t<\/div>\n\t\t\t\t<\/div>\n\t\t\t\t\t<\/div>\n\t\t<\/div>\n\t\t\t\t\t<\/div>\n\t\t<\/section>\n\t\t\t\t<section class=\"elementor-section elementor-top-section elementor-element elementor-element-5c9d3a07 elementor-section-content-top elementor-section-boxed elementor-section-height-default elementor-section-height-default\" data-id=\"5c9d3a07\" data-element_type=\"section\" data-e-type=\"section\" id=\"ms-s2\" data-settings=\"{&quot;background_background&quot;:&quot;classic&quot;}\">\n\t\t\t\t\t\t<div class=\"elementor-container elementor-column-gap-no\">\n\t\t\t\t\t<div class=\"elementor-column elementor-col-50 elementor-top-column elementor-element elementor-element-16830e35\" data-id=\"16830e35\" data-element_type=\"column\" data-e-type=\"column\">\n\t\t\t<div class=\"elementor-widget-wrap elementor-element-populated\">\n\t\t\t\t\t\t<div class=\"elementor-element elementor-element-18b10727 elementor-widget elementor-widget-image\" data-id=\"18b10727\" data-element_type=\"widget\" data-e-type=\"widget\" data-widget_type=\"image.default\">\n\t\t\t\t<div class=\"elementor-widget-container\">\n\t\t\t\t\t\t\t\t\t\t\t\t\t\t\t<img fetchpriority=\"high\" decoding=\"async\" width=\"683\" height=\"1024\" src=\"https:\/\/consalta.ba\/wp-content\/uploads\/2023\/04\/pexels-henry-co-2628393-1-683x1024.jpg\" class=\"attachment-large size-large wp-image-2236\" alt=\"Sistemi upravljanja\" srcset=\"https:\/\/consalta.ba\/wp-content\/uploads\/2023\/04\/pexels-henry-co-2628393-1-683x1024.jpg 683w, https:\/\/consalta.ba\/wp-content\/uploads\/2023\/04\/pexels-henry-co-2628393-1-200x300.jpg 200w, https:\/\/consalta.ba\/wp-content\/uploads\/2023\/04\/pexels-henry-co-2628393-1-768x1152.jpg 768w, https:\/\/consalta.ba\/wp-content\/uploads\/2023\/04\/pexels-henry-co-2628393-1-1024x1536.jpg 1024w, https:\/\/consalta.ba\/wp-content\/uploads\/2023\/04\/pexels-henry-co-2628393-1.jpg 1280w\" sizes=\"(max-width: 683px) 100vw, 683px\" \/>\t\t\t\t\t\t\t\t\t\t\t\t\t\t\t<\/div>\n\t\t\t\t<\/div>\n\t\t\t\t\t<\/div>\n\t\t<\/div>\n\t\t\t\t<div class=\"elementor-column elementor-col-50 elementor-top-column elementor-element elementor-element-2e3d9d77\" data-id=\"2e3d9d77\" data-element_type=\"column\" data-e-type=\"column\">\n\t\t\t<div class=\"elementor-widget-wrap elementor-element-populated\">\n\t\t\t\t\t\t<div class=\"elementor-element elementor-element-4a71d940 elementor-widget__width-initial elementor-widget elementor-widget-text-editor\" data-id=\"4a71d940\" data-element_type=\"widget\" data-e-type=\"widget\" data-widget_type=\"text-editor.default\">\n\t\t\t\t<div class=\"elementor-widget-container\">\n\t\t\t\t\t\t\t\t\t<p>Primarna misija na\u0161e agencije je implementacija sistema upravljanja za na\u0161e klijente. Svaki sistem upravljanja koji implementiramo sa na\u0161im klijentima zasnovan je na jednom od me\u0111unarodnih standarda. Uspostavljanje ovakvih sistema upravljanja uklju\u010duje definisanje i implementaciju odgovaraju\u0107ih politika, procedura i drugih mehanizama na nivou cijele kompanije, koji funkcioni\u0161u ujedinjeno kako bi organizaciju doveli na nivo funkcionisanja i uskla\u0111enosti prema me\u0111unarodnim standardima.<\/p><p>Kroz implementaciju sistema upravljanja, organizacija postavlja temelj za kontinuirano unapre\u0111enje svojih poslovnih aktivnosti (u kontekstu implementiranih sistema upravljanja). Ovo se posti\u017ee uspostavljanjem PDCA: Planiraj-Izvr\u0161i-Provjeri-Djeluj ciklusa (Plan-Do-Check-Act).<\/p><p>Consalta nudi kompletan set konsultantskih usluga tokom implementacije. Na\u0161 pristup implementaciji sistema upravljanja je prilago\u0111en potrebama i specifi\u010dnom kontekstu svake organizacije klijenta, u skladu sa zahtjevima ISO standarda. Na\u0161im klijentima pru\u017eamo punu posve\u0107enost i interaktivnu saradnju s implementacijskim timom, aktivno u\u010destvuju\u0107i tokom cijelog projekta \u2013 od po\u010detne implementacije do certifikacije i perioda nakon implementacije.<\/p><p>Klju\u010dni korak u implementaciji je dobijanje me\u0111unarodno priznatog certifikata o uskla\u0111enosti sa jednim od me\u0111unarodnih standarda. Kona\u010dnu ocjenu uskla\u0111enosti sistema vr\u0161i me\u0111unarodno akreditirano certifikacijsko tijelo. Ova certifikacija va\u0161im zainteresovanim stranama pru\u017ea sigurnost o uskla\u0111enosti s me\u0111unarodnim standardima i njihovim najboljim praksama.\u00a0<\/p><p>Da biste saznali vi\u0161e o svakom sistemu upravljanja i kako mo\u017ee koristiti va\u0161em poslovanju, molimo vas da nas\u00a0<a href=\"https:\/\/consalta.ba\/ba\/kontakt\/\">kontaktirate<\/a> za inicijalnu besplatnu konsultaciju.<\/p>\t\t\t\t\t\t\t\t<\/div>\n\t\t\t\t<\/div>\n\t\t\t\t\t<\/div>\n\t\t<\/div>\n\t\t\t\t\t<\/div>\n\t\t<\/section>\n\t\t\t\t<section class=\"elementor-section elementor-top-section elementor-element elementor-element-4c33af99 elementor-section-boxed elementor-section-height-default elementor-section-height-default\" data-id=\"4c33af99\" data-element_type=\"section\" data-e-type=\"section\">\n\t\t\t\t\t\t<div class=\"elementor-container elementor-column-gap-default\">\n\t\t\t\t\t<div class=\"elementor-column elementor-col-100 elementor-top-column elementor-element elementor-element-54711dfa\" data-id=\"54711dfa\" data-element_type=\"column\" data-e-type=\"column\">\n\t\t\t<div class=\"elementor-widget-wrap elementor-element-populated\">\n\t\t\t\t\t\t<div class=\"elementor-element elementor-element-30f23e76 elementor-widget elementor-widget-text-editor\" data-id=\"30f23e76\" data-element_type=\"widget\" data-e-type=\"widget\" data-widget_type=\"text-editor.default\">\n\t\t\t\t<div class=\"elementor-widget-container\">\n\t\t\t\t\t\t\t\t\t<p style=\"font-size: 16px; font-style: normal; font-weight: 400;\">Nudimo konsultantske usluge za implementaciju sljede\u0107ih sistema upravljanja:<\/p><ul style=\"font-size: 16px; font-style: normal; font-weight: 400;\"><li style=\"font-size: 16px;\"><a href=\"https:\/\/consalta.ba\/ba\/isms\/\">ISO 27001 \u2013 Sistem upravljanja sigurno\u0161\u0107u informacija (ISMS)<\/a><\/li><li style=\"font-size: 16px;\"><a href=\"https:\/\/consalta.ba\/ba\/pims-sistem-za-upravljanje-informacijama-o-privatnosti-iso-27701\/\">ISO 27701 \u2013 Sistem upravljanja privatno\u0161\u0107u informacija (PIMS)<\/a><\/li><li style=\"font-size: 16px;\"><a href=\"https:\/\/consalta.ba\/ba\/bcms\/\">ISO 22301 - Sistem upravljanja kontinuitetom poslovanja (BCMS)<\/a>\u00a0<\/li><li style=\"font-size: 16px;\"><a href=\"https:\/\/consalta.ba\/ba\/bcms\/\">ISO 9001 - Sistem upravljanja kvalitetom (QMS)<\/a><\/li><li style=\"font-size: 16px;\"><a href=\"https:\/\/consalta.ba\/ba\/sms-iso-20000-1\/\">ISO 20000 - Sistem upravljanja uslugama (SMS)<\/a><\/li><\/ul>\t\t\t\t\t\t\t\t<\/div>\n\t\t\t\t<\/div>\n\t\t\t\t\t<\/div>\n\t\t<\/div>\n\t\t\t\t\t<\/div>\n\t\t<\/section>\n\t\t\t\t<section class=\"elementor-section elementor-top-section elementor-element elementor-element-5ed5bcaa elementor-section-boxed elementor-section-height-default elementor-section-height-default\" data-id=\"5ed5bcaa\" data-element_type=\"section\" data-e-type=\"section\" data-settings=\"{&quot;background_background&quot;:&quot;classic&quot;}\">\n\t\t\t\t\t\t<div class=\"elementor-container elementor-column-gap-default\">\n\t\t\t\t\t<div class=\"elementor-column elementor-col-100 elementor-top-column elementor-element elementor-element-31e15193\" data-id=\"31e15193\" data-element_type=\"column\" data-e-type=\"column\" data-settings=\"{&quot;background_background&quot;:&quot;classic&quot;}\">\n\t\t\t<div class=\"elementor-widget-wrap elementor-element-populated\">\n\t\t\t\t\t\t<section class=\"elementor-section elementor-inner-section elementor-element elementor-element-6cf71851 elementor-section-content-middle elementor-section-boxed elementor-section-height-default elementor-section-height-default\" data-id=\"6cf71851\" data-element_type=\"section\" data-e-type=\"section\">\n\t\t\t\t\t\t<div class=\"elementor-container elementor-column-gap-default\">\n\t\t\t\t\t<div class=\"elementor-column elementor-col-50 elementor-inner-column elementor-element elementor-element-1c154074\" data-id=\"1c154074\" data-element_type=\"column\" data-e-type=\"column\">\n\t\t\t<div class=\"elementor-widget-wrap elementor-element-populated\">\n\t\t\t\t\t\t<div class=\"elementor-element elementor-element-662144e6 elementor-widget elementor-widget-heading\" data-id=\"662144e6\" data-element_type=\"widget\" data-e-type=\"widget\" data-widget_type=\"heading.default\">\n\t\t\t\t<div class=\"elementor-widget-container\">\n\t\t\t\t\t<h3 class=\"elementor-heading-title elementor-size-default\">Ne znate odakle da po\u010dnete ili imate konkretan problem?<\/h3>\t\t\t\t<\/div>\n\t\t\t\t<\/div>\n\t\t\t\t<div class=\"elementor-element elementor-element-3ea1779c elementor-widget elementor-widget-text-editor\" data-id=\"3ea1779c\" data-element_type=\"widget\" data-e-type=\"widget\" data-widget_type=\"text-editor.default\">\n\t\t\t\t<div class=\"elementor-widget-container\">\n\t\t\t\t\t\t\t\t\t<p>Po\u010detna konsultacija je potpuno besplatna! Na\u0161 cilj je zaista pomo\u0107i klijentima da ostvare svoje ciljeve. Razgovara\u0107ete direktno s jednim od na\u0161ih konsultanata \u2013 bez napadnih prodajnih taktika i bez bilo kakvih obaveza. <br \/><strong>Iskoristite priliku \u2013 uvjerite se sami!<\/strong><\/p>\t\t\t\t\t\t\t\t<\/div>\n\t\t\t\t<\/div>\n\t\t\t\t\t<\/div>\n\t\t<\/div>\n\t\t\t\t<div class=\"elementor-column elementor-col-50 elementor-inner-column elementor-element elementor-element-701c97f1\" data-id=\"701c97f1\" data-element_type=\"column\" data-e-type=\"column\">\n\t\t\t<div class=\"elementor-widget-wrap elementor-element-populated\">\n\t\t\t\t\t\t<div class=\"elementor-element elementor-element-3e806354 elementor-align-right elementor-tablet-align-center elementor-widget elementor-widget-button\" data-id=\"3e806354\" data-element_type=\"widget\" data-e-type=\"widget\" data-widget_type=\"button.default\">\n\t\t\t\t<div class=\"elementor-widget-container\">\n\t\t\t\t\t\t\t\t\t<div class=\"elementor-button-wrapper\">\n\t\t\t\t\t<a class=\"elementor-button elementor-button-link elementor-size-sm\" href=\"https:\/\/consalta.ba\/ba\/kontakt\/\">\n\t\t\t\t\t\t<span class=\"elementor-button-content-wrapper\">\n\t\t\t\t\t\t\t\t\t<span class=\"elementor-button-text\">Besplatna konsultacija<\/span>\n\t\t\t\t\t<\/span>\n\t\t\t\t\t<\/a>\n\t\t\t\t<\/div>\n\t\t\t\t\t\t\t\t<\/div>\n\t\t\t\t<\/div>\n\t\t\t\t\t<\/div>\n\t\t<\/div>\n\t\t\t\t\t<\/div>\n\t\t<\/section>\n\t\t\t\t\t<\/div>\n\t\t<\/div>\n\t\t\t\t\t<\/div>\n\t\t<\/section>\n\t\t\t\t<\/div>","protected":false},"excerpt":{"rendered":"<p>ISO based requirements Management Systems The primary mission of our agency is the implementation of management systems for our clients. Every management system we implement with our client is based [&hellip;]<\/p>\n","protected":false},"author":1,"featured_media":0,"parent":0,"menu_order":0,"comment_status":"closed","ping_status":"closed","template":"","meta":{"site-sidebar-layout":"no-sidebar","site-content-layout":"page-builder","ast-site-content-layout":"default","site-content-style":"default","site-sidebar-style":"default","ast-global-header-display":"","ast-banner-title-visibility":"","ast-main-header-display":"","ast-hfb-above-header-display":"","ast-hfb-below-header-display":"","ast-hfb-mobile-header-display":"","site-post-title":"disabled","ast-breadcrumbs-content":"","ast-featured-img":"disabled","footer-sml-layout":"","ast-disable-related-posts":"","theme-transparent-header-meta":"","adv-header-id-meta":"","stick-header-meta":"","header-above-stick-meta":"","header-main-stick-meta":"","header-below-stick-meta":"","astra-migrate-meta-layouts":"default","ast-page-background-enabled":"default","ast-page-background-meta":{"desktop":{"background-color":"","background-image":"","background-repeat":"repeat","background-position":"center center","background-size":"auto","background-attachment":"scroll","background-type":"","background-media":"","overlay-type":"","overlay-color":"","overlay-opacity":"","overlay-gradient":""},"tablet":{"background-color":"","background-image":"","background-repeat":"repeat","background-position":"center center","background-size":"auto","background-attachment":"scroll","background-type":"","background-media":"","overlay-type":"","overlay-color":"","overlay-opacity":"","overlay-gradient":""},"mobile":{"background-color":"","background-image":"","background-repeat":"repeat","background-position":"center center","background-size":"auto","background-attachment":"scroll","background-type":"","background-media":"","overlay-type":"","overlay-color":"","overlay-opacity":"","overlay-gradient":""}},"ast-content-background-meta":{"desktop":{"background-color":"var(--ast-global-color-5)","background-image":"","background-repeat":"repeat","background-position":"center center","background-size":"auto","background-attachment":"scroll","background-type":"","background-media":"","overlay-type":"","overlay-color":"","overlay-opacity":"","overlay-gradient":""},"tablet":{"background-color":"var(--ast-global-color-5)","background-image":"","background-repeat":"repeat","background-position":"center center","background-size":"auto","background-attachment":"scroll","background-type":"","background-media":"","overlay-type":"","overlay-color":"","overlay-opacity":"","overlay-gradient":""},"mobile":{"background-color":"var(--ast-global-color-5)","background-image":"","background-repeat":"repeat","background-position":"center center","background-size":"auto","background-attachment":"scroll","background-type":"","background-media":"","overlay-type":"","overlay-color":"","overlay-opacity":"","overlay-gradient":""}},"footnotes":""},"class_list":["post-1991","page","type-page","status-publish","hentry"],"yoast_head":"<!-- This site is optimized with the Yoast SEO plugin v27.3 - https:\/\/yoast.com\/product\/yoast-seo-wordpress\/ -->\n<title>Management Systems - Consalta<\/title>\n<meta name=\"robots\" content=\"index, follow, max-snippet:-1, max-image-preview:large, max-video-preview:-1\" \/>\n<link rel=\"canonical\" href=\"https:\/\/consalta.ba\/ba\/sistemi-upravljanja\/\" \/>\n<meta property=\"og:locale\" content=\"bs_BA\" \/>\n<meta property=\"og:type\" content=\"article\" \/>\n<meta property=\"og:title\" content=\"Management Systems - Consalta\" \/>\n<meta property=\"og:description\" content=\"ISO based requirements Management Systems The primary mission of our agency is the implementation of management systems for our clients. Every management system we implement with our client is based [&hellip;]\" \/>\n<meta property=\"og:url\" content=\"https:\/\/consalta.ba\/ba\/sistemi-upravljanja\/\" \/>\n<meta property=\"og:site_name\" content=\"Consalta\" \/>\n<meta property=\"article:modified_time\" content=\"2024-10-21T19:55:58+00:00\" \/>\n<meta property=\"og:image\" content=\"https:\/\/consalta.ba\/wp-content\/uploads\/2023\/04\/pexels-henry-co-2628393-1-683x1024.jpg\" \/>\n<meta name=\"twitter:card\" content=\"summary_large_image\" \/>\n<meta name=\"twitter:label1\" content=\"Est. reading time\" \/>\n\t<meta name=\"twitter:data1\" content=\"2 minute\" \/>\n<script type=\"application\/ld+json\" class=\"yoast-schema-graph\">{\"@context\":\"https:\\\/\\\/schema.org\",\"@graph\":[{\"@type\":\"WebPage\",\"@id\":\"https:\\\/\\\/consalta.ba\\\/ba\\\/management-systems\\\/\",\"url\":\"https:\\\/\\\/consalta.ba\\\/ba\\\/management-systems\\\/\",\"name\":\"Management Systems - Consalta\",\"isPartOf\":{\"@id\":\"https:\\\/\\\/consalta.ba\\\/en\\\/#website\"},\"primaryImageOfPage\":{\"@id\":\"https:\\\/\\\/consalta.ba\\\/ba\\\/management-systems\\\/#primaryimage\"},\"image\":{\"@id\":\"https:\\\/\\\/consalta.ba\\\/ba\\\/management-systems\\\/#primaryimage\"},\"thumbnailUrl\":\"https:\\\/\\\/consalta.ba\\\/wp-content\\\/uploads\\\/2023\\\/04\\\/pexels-henry-co-2628393-1-683x1024.jpg\",\"datePublished\":\"2023-04-14T15:50:21+00:00\",\"dateModified\":\"2024-10-21T19:55:58+00:00\",\"breadcrumb\":{\"@id\":\"https:\\\/\\\/consalta.ba\\\/ba\\\/management-systems\\\/#breadcrumb\"},\"inLanguage\":\"bs-BA\",\"potentialAction\":[{\"@type\":\"ReadAction\",\"target\":[\"https:\\\/\\\/consalta.ba\\\/ba\\\/management-systems\\\/\"]}]},{\"@type\":\"ImageObject\",\"inLanguage\":\"bs-BA\",\"@id\":\"https:\\\/\\\/consalta.ba\\\/ba\\\/management-systems\\\/#primaryimage\",\"url\":\"https:\\\/\\\/consalta.ba\\\/wp-content\\\/uploads\\\/2023\\\/04\\\/pexels-henry-co-2628393-1-683x1024.jpg\",\"contentUrl\":\"https:\\\/\\\/consalta.ba\\\/wp-content\\\/uploads\\\/2023\\\/04\\\/pexels-henry-co-2628393-1-683x1024.jpg\"},{\"@type\":\"BreadcrumbList\",\"@id\":\"https:\\\/\\\/consalta.ba\\\/ba\\\/management-systems\\\/#breadcrumb\",\"itemListElement\":[{\"@type\":\"ListItem\",\"position\":1,\"name\":\"Home\",\"item\":\"https:\\\/\\\/consalta.ba\\\/en\\\/\"},{\"@type\":\"ListItem\",\"position\":2,\"name\":\"Management Systems\"}]},{\"@type\":\"WebSite\",\"@id\":\"https:\\\/\\\/consalta.ba\\\/en\\\/#website\",\"url\":\"https:\\\/\\\/consalta.ba\\\/en\\\/\",\"name\":\"Consalta\",\"description\":\"Get Certified!\",\"publisher\":{\"@id\":\"https:\\\/\\\/consalta.ba\\\/en\\\/#organization\"},\"potentialAction\":[{\"@type\":\"SearchAction\",\"target\":{\"@type\":\"EntryPoint\",\"urlTemplate\":\"https:\\\/\\\/consalta.ba\\\/en\\\/?s={search_term_string}\"},\"query-input\":{\"@type\":\"PropertyValueSpecification\",\"valueRequired\":true,\"valueName\":\"search_term_string\"}}],\"inLanguage\":\"bs-BA\"},{\"@type\":\"Organization\",\"@id\":\"https:\\\/\\\/consalta.ba\\\/en\\\/#organization\",\"name\":\"Consalta\",\"url\":\"https:\\\/\\\/consalta.ba\\\/en\\\/\",\"logo\":{\"@type\":\"ImageObject\",\"inLanguage\":\"bs-BA\",\"@id\":\"https:\\\/\\\/consalta.ba\\\/en\\\/#\\\/schema\\\/logo\\\/image\\\/\",\"url\":\"https:\\\/\\\/consalta.ba\\\/wp-content\\\/uploads\\\/2024\\\/11\\\/Logo-getcert-2024_transpback_blue-black.png\",\"contentUrl\":\"https:\\\/\\\/consalta.ba\\\/wp-content\\\/uploads\\\/2024\\\/11\\\/Logo-getcert-2024_transpback_blue-black.png\",\"width\":\"617\",\"height\":\"90\",\"caption\":\"Consalta\"},\"image\":{\"@id\":\"https:\\\/\\\/consalta.ba\\\/en\\\/#\\\/schema\\\/logo\\\/image\\\/\"},\"sameAs\":[\"https:\\\/\\\/ba.linkedin.com\\\/company\\\/consalta-d.o.o.\"]}]}<\/script>\n<!-- \/ Yoast SEO plugin. -->","yoast_head_json":{"title":"Sistemi upravljanja - Consalta","robots":{"index":"index","follow":"follow","max-snippet":"max-snippet:-1","max-image-preview":"max-image-preview:large","max-video-preview":"max-video-preview:-1"},"canonical":"https:\/\/consalta.ba\/ba\/sistemi-upravljanja\/","og_locale":"bs_BA","og_type":"article","og_title":"Management Systems - Consalta","og_description":"ISO based requirements Management Systems The primary mission of our agency is the implementation of management systems for our clients. Every management system we implement with our client is based [&hellip;]","og_url":"https:\/\/consalta.ba\/ba\/sistemi-upravljanja\/","og_site_name":"Consalta","article_modified_time":"2024-10-21T19:55:58+00:00","og_image":[{"url":"https:\/\/consalta.ba\/wp-content\/uploads\/2023\/04\/pexels-henry-co-2628393-1-683x1024.jpg","type":"","width":"","height":""}],"twitter_card":"summary_large_image","twitter_misc":{"Est. reading time":"2 minute"},"schema":{"@context":"https:\/\/schema.org","@graph":[{"@type":"WebPage","@id":"https:\/\/consalta.ba\/ba\/management-systems\/","url":"https:\/\/consalta.ba\/ba\/management-systems\/","name":"Sistemi upravljanja - Consalta","isPartOf":{"@id":"https:\/\/consalta.ba\/en\/#website"},"primaryImageOfPage":{"@id":"https:\/\/consalta.ba\/ba\/management-systems\/#primaryimage"},"image":{"@id":"https:\/\/consalta.ba\/ba\/management-systems\/#primaryimage"},"thumbnailUrl":"https:\/\/consalta.ba\/wp-content\/uploads\/2023\/04\/pexels-henry-co-2628393-1-683x1024.jpg","datePublished":"2023-04-14T15:50:21+00:00","dateModified":"2024-10-21T19:55:58+00:00","breadcrumb":{"@id":"https:\/\/consalta.ba\/ba\/management-systems\/#breadcrumb"},"inLanguage":"bs-BA","potentialAction":[{"@type":"ReadAction","target":["https:\/\/consalta.ba\/ba\/management-systems\/"]}]},{"@type":"ImageObject","inLanguage":"bs-BA","@id":"https:\/\/consalta.ba\/ba\/management-systems\/#primaryimage","url":"https:\/\/consalta.ba\/wp-content\/uploads\/2023\/04\/pexels-henry-co-2628393-1-683x1024.jpg","contentUrl":"https:\/\/consalta.ba\/wp-content\/uploads\/2023\/04\/pexels-henry-co-2628393-1-683x1024.jpg"},{"@type":"BreadcrumbList","@id":"https:\/\/consalta.ba\/ba\/management-systems\/#breadcrumb","itemListElement":[{"@type":"ListItem","position":1,"name":"Home","item":"https:\/\/consalta.ba\/en\/"},{"@type":"ListItem","position":2,"name":"Management Systems"}]},{"@type":"WebSite","@id":"https:\/\/consalta.ba\/en\/#website","url":"https:\/\/consalta.ba\/en\/","name":"Consalta","description":"Obezbijedite certifikat!","publisher":{"@id":"https:\/\/consalta.ba\/en\/#organization"},"potentialAction":[{"@type":"SearchAction","target":{"@type":"EntryPoint","urlTemplate":"https:\/\/consalta.ba\/en\/?s={search_term_string}"},"query-input":{"@type":"PropertyValueSpecification","valueRequired":true,"valueName":"search_term_string"}}],"inLanguage":"bs-BA"},{"@type":"Organization","@id":"https:\/\/consalta.ba\/en\/#organization","name":"Consalta","url":"https:\/\/consalta.ba\/en\/","logo":{"@type":"ImageObject","inLanguage":"bs-BA","@id":"https:\/\/consalta.ba\/en\/#\/schema\/logo\/image\/","url":"https:\/\/consalta.ba\/wp-content\/uploads\/2024\/11\/Logo-getcert-2024_transpback_blue-black.png","contentUrl":"https:\/\/consalta.ba\/wp-content\/uploads\/2024\/11\/Logo-getcert-2024_transpback_blue-black.png","width":"617","height":"90","caption":"Consalta"},"image":{"@id":"https:\/\/consalta.ba\/en\/#\/schema\/logo\/image\/"},"sameAs":["https:\/\/ba.linkedin.com\/company\/consalta-d.o.o."]}]}},"rttpg_featured_image_url":null,"rttpg_author":{"display_name":"OJB","author_link":"https:\/\/consalta.ba\/ba\/author\/admin_8k999oh2\/"},"rttpg_comment":0,"rttpg_category":null,"rttpg_excerpt":"ISO based requirements Management Systems The primary mission of our agency is the implementation of management systems for our clients. Every management system we implement with our client is based [&hellip;]","_links":{"self":[{"href":"https:\/\/consalta.ba\/ba\/wp-json\/wp\/v2\/pages\/1991","targetHints":{"allow":["GET"]}}],"collection":[{"href":"https:\/\/consalta.ba\/ba\/wp-json\/wp\/v2\/pages"}],"about":[{"href":"https:\/\/consalta.ba\/ba\/wp-json\/wp\/v2\/types\/page"}],"author":[{"embeddable":true,"href":"https:\/\/consalta.ba\/ba\/wp-json\/wp\/v2\/users\/1"}],"replies":[{"embeddable":true,"href":"https:\/\/consalta.ba\/ba\/wp-json\/wp\/v2\/comments?post=1991"}],"version-history":[{"count":31,"href":"https:\/\/consalta.ba\/ba\/wp-json\/wp\/v2\/pages\/1991\/revisions"}],"predecessor-version":[{"id":2678,"href":"https:\/\/consalta.ba\/ba\/wp-json\/wp\/v2\/pages\/1991\/revisions\/2678"}],"wp:attachment":[{"href":"https:\/\/consalta.ba\/ba\/wp-json\/wp\/v2\/media?parent=1991"}],"curies":[{"name":"wp","href":"https:\/\/api.w.org\/{rel}","templated":true}]}}