{"id":1982,"date":"2023-04-14T17:10:51","date_gmt":"2023-04-14T15:10:51","guid":{"rendered":"https:\/\/consalta.ba\/?page_id=1982"},"modified":"2025-02-09T20:52:36","modified_gmt":"2025-02-09T19:52:36","slug":"poslovi","status":"publish","type":"page","link":"https:\/\/consalta.ba\/ba\/jobs\/","title":{"rendered":"Posao"},"content":{"rendered":"<div data-elementor-type=\"wp-page\" data-elementor-id=\"1982\" class=\"elementor elementor-1982\">\n\t\t\t\t\t\t<section class=\"elementor-section elementor-top-section elementor-element elementor-element-a1d8b43 elementor-section-height-min-height elementor-section-boxed elementor-section-height-default elementor-section-items-middle\" data-id=\"a1d8b43\" data-element_type=\"section\" data-e-type=\"section\" data-settings=\"{&quot;background_background&quot;:&quot;classic&quot;}\">\n\t\t\t\t\t\t\t<div class=\"elementor-background-overlay\"><\/div>\n\t\t\t\t\t\t\t<div class=\"elementor-container elementor-column-gap-no\">\n\t\t\t\t\t<div class=\"elementor-column elementor-col-100 elementor-top-column elementor-element elementor-element-7ff5e1fd\" data-id=\"7ff5e1fd\" data-element_type=\"column\" data-e-type=\"column\">\n\t\t\t<div class=\"elementor-widget-wrap elementor-element-populated\">\n\t\t\t\t\t\t<div class=\"elementor-element elementor-element-f0fe975 elementor-widget elementor-widget-heading\" data-id=\"f0fe975\" data-element_type=\"widget\" data-e-type=\"widget\" data-widget_type=\"heading.default\">\n\t\t\t\t<div class=\"elementor-widget-container\">\n\t\t\t\t\t<h2 class=\"elementor-heading-title elementor-size-default\">Mogu\u0107nosti za zaposlenje<\/h2>\t\t\t\t<\/div>\n\t\t\t\t<\/div>\n\t\t\t\t\t<\/div>\n\t\t<\/div>\n\t\t\t\t\t<\/div>\n\t\t<\/section>\n\t\t\t\t<section class=\"elementor-section elementor-top-section elementor-element elementor-element-d2d3c65 elementor-section-boxed elementor-section-height-default elementor-section-height-default\" data-id=\"d2d3c65\" data-element_type=\"section\" data-e-type=\"section\">\n\t\t\t\t\t\t<div class=\"elementor-container elementor-column-gap-default\">\n\t\t\t\t\t<div class=\"elementor-column elementor-col-100 elementor-top-column elementor-element elementor-element-cd7a5c3\" data-id=\"cd7a5c3\" data-element_type=\"column\" data-e-type=\"column\">\n\t\t\t<div class=\"elementor-widget-wrap elementor-element-populated\">\n\t\t\t\t\t\t<div class=\"elementor-element elementor-element-14c7c2c elementor-widget elementor-widget-heading\" data-id=\"14c7c2c\" data-element_type=\"widget\" data-e-type=\"widget\" data-widget_type=\"heading.default\">\n\t\t\t\t<div class=\"elementor-widget-container\">\n\t\t\t\t\t<h2 class=\"elementor-heading-title elementor-size-default\">Trebamo vas! <\/h2>\t\t\t\t<\/div>\n\t\t\t\t<\/div>\n\t\t\t\t<div class=\"elementor-element elementor-element-61590fe elementor-widget elementor-widget-text-editor\" data-id=\"61590fe\" data-element_type=\"widget\" data-e-type=\"widget\" data-widget_type=\"text-editor.default\">\n\t\t\t\t<div class=\"elementor-widget-container\">\n\t\t\t\t\t\t\t\t\t<p>Stalno tra\u017eimo saradnike za na\u0161e trenutne projekte.&nbsp;<\/p><p>Da pogledate na\u0161e temeljne vrijednosti <a href=\"https:\/\/consalta.ba\/ba\/o\/\">kliknite ovdje<\/a>.<\/p>\n<p>Tra\u017eimo eksperte iz razli\u010ditih oblasti, s razli\u010ditim nivoima iskustva i vje\u0161tina.<\/p>\t\t\t\t\t\t\t\t<\/div>\n\t\t\t\t<\/div>\n\t\t\t\t<section class=\"elementor-section elementor-inner-section elementor-element elementor-element-34bcbba elementor-section-boxed elementor-section-height-default elementor-section-height-default\" data-id=\"34bcbba\" data-element_type=\"section\" data-e-type=\"section\">\n\t\t\t\t\t\t<div class=\"elementor-container elementor-column-gap-default\">\n\t\t\t\t\t<div class=\"elementor-column elementor-col-33 elementor-inner-column elementor-element elementor-element-f7dbb1b\" data-id=\"f7dbb1b\" data-element_type=\"column\" data-e-type=\"column\">\n\t\t\t<div class=\"elementor-widget-wrap elementor-element-populated\">\n\t\t\t\t\t\t<div class=\"elementor-element elementor-element-2d381e2 elementor-widget elementor-widget-image\" data-id=\"2d381e2\" data-element_type=\"widget\" data-e-type=\"widget\" data-widget_type=\"image.default\">\n\t\t\t\t<div class=\"elementor-widget-container\">\n\t\t\t\t\t\t\t\t\t\t\t\t\t\t\t<img fetchpriority=\"high\" decoding=\"async\" width=\"340\" height=\"460\" src=\"https:\/\/consalta.ba\/wp-content\/uploads\/2023\/04\/Rad-Iz-Kancelarije-1024x683-340x460-1.jpg\" class=\"attachment-large size-large wp-image-1985\" alt=\"\" srcset=\"https:\/\/consalta.ba\/wp-content\/uploads\/2023\/04\/Rad-Iz-Kancelarije-1024x683-340x460-1.jpg 340w, https:\/\/consalta.ba\/wp-content\/uploads\/2023\/04\/Rad-Iz-Kancelarije-1024x683-340x460-1-222x300.jpg 222w\" sizes=\"(max-width: 340px) 100vw, 340px\" \/>\t\t\t\t\t\t\t\t\t\t\t\t\t\t\t<\/div>\n\t\t\t\t<\/div>\n\t\t\t\t\t<\/div>\n\t\t<\/div>\n\t\t\t\t<div class=\"elementor-column elementor-col-33 elementor-inner-column elementor-element elementor-element-6993236\" data-id=\"6993236\" data-element_type=\"column\" data-e-type=\"column\">\n\t\t\t<div class=\"elementor-widget-wrap elementor-element-populated\">\n\t\t\t\t\t\t<div class=\"elementor-element elementor-element-73fc6ef elementor-widget elementor-widget-heading\" data-id=\"73fc6ef\" data-element_type=\"widget\" data-e-type=\"widget\" data-widget_type=\"heading.default\">\n\t\t\t\t<div class=\"elementor-widget-container\">\n\t\t\t\t\t<h2 class=\"elementor-heading-title elementor-size-default\">Da li \u017eelite:<\/h2>\t\t\t\t<\/div>\n\t\t\t\t<\/div>\n\t\t\t\t<div class=\"elementor-element elementor-element-4ed12ea elementor-widget elementor-widget-text-editor\" data-id=\"4ed12ea\" data-element_type=\"widget\" data-e-type=\"widget\" data-widget_type=\"text-editor.default\">\n\t\t\t\t<div class=\"elementor-widget-container\">\n\t\t\t\t\t\t\t\t\t<ul><li>Raditi u kreativnom i dinami\u010dnom okru\u017eenju?<\/li><li>Raditi na izazovnim projektima?<\/li><li>Neprestano unapre\u0111ivati svoje profesionalne kompetencije i vje\u0161tine?<\/li><\/ul>\t\t\t\t\t\t\t\t<\/div>\n\t\t\t\t<\/div>\n\t\t\t\t\t<\/div>\n\t\t<\/div>\n\t\t\t\t<div class=\"elementor-column elementor-col-33 elementor-inner-column elementor-element elementor-element-17fff54\" data-id=\"17fff54\" data-element_type=\"column\" data-e-type=\"column\">\n\t\t\t<div class=\"elementor-widget-wrap elementor-element-populated\">\n\t\t\t\t\t\t<div class=\"elementor-element elementor-element-20a6ba8 elementor-widget elementor-widget-heading\" data-id=\"20a6ba8\" data-element_type=\"widget\" data-e-type=\"widget\" data-widget_type=\"heading.default\">\n\t\t\t\t<div class=\"elementor-widget-container\">\n\t\t\t\t\t<h2 class=\"elementor-heading-title elementor-size-default\">Nudimo:<\/h2>\t\t\t\t<\/div>\n\t\t\t\t<\/div>\n\t\t\t\t<div class=\"elementor-element elementor-element-cf8e30d elementor-widget elementor-widget-text-editor\" data-id=\"cf8e30d\" data-element_type=\"widget\" data-e-type=\"widget\" data-widget_type=\"text-editor.default\">\n\t\t\t\t<div class=\"elementor-widget-container\">\n\t\t\t\t\t\t\t\t\t<ul><li>Konkurentnu platu<\/li><li>Fleksibilnost izme\u0111u posla i privatnog \u017eivota<\/li><li>Mogu\u0107nosti za napredak<\/li><li>Slobodu razmi\u0161ljanja<\/li><li>Prijateljsko okru\u017eenje\u00a0<\/li><li>Me\u0111usobno po\u0161tovanje i uva\u017eavanje<\/li><\/ul>\t\t\t\t\t\t\t\t<\/div>\n\t\t\t\t<\/div>\n\t\t\t\t\t<\/div>\n\t\t<\/div>\n\t\t\t\t\t<\/div>\n\t\t<\/section>\n\t\t\t\t<section class=\"elementor-section elementor-inner-section elementor-element elementor-element-477297c elementor-section-boxed elementor-section-height-default elementor-section-height-default\" data-id=\"477297c\" data-element_type=\"section\" data-e-type=\"section\">\n\t\t\t\t\t\t<div class=\"elementor-container elementor-column-gap-default\">\n\t\t\t\t\t<div class=\"elementor-column elementor-col-50 elementor-inner-column elementor-element elementor-element-0938079\" data-id=\"0938079\" data-element_type=\"column\" data-e-type=\"column\">\n\t\t\t<div class=\"elementor-widget-wrap\">\n\t\t\t\t\t\t\t<\/div>\n\t\t<\/div>\n\t\t\t\t<div class=\"elementor-column elementor-col-50 elementor-inner-column elementor-element elementor-element-2bfc4df\" data-id=\"2bfc4df\" data-element_type=\"column\" data-e-type=\"column\">\n\t\t\t<div class=\"elementor-widget-wrap elementor-element-populated\">\n\t\t\t\t\t\t<div class=\"elementor-element elementor-element-af0af4c elementor-widget elementor-widget-text-editor\" data-id=\"af0af4c\" data-element_type=\"widget\" data-e-type=\"widget\" data-widget_type=\"text-editor.default\">\n\t\t\t\t<div class=\"elementor-widget-container\">\n\t\t\t\t\t\t\t\t\t<p>Ako \u017eelite biti dio na\u0161eg tima, po\u0161aljite nam svoj CV na:\u00a0<u>employment@consalta.ba<\/u><\/p>\t\t\t\t\t\t\t\t<\/div>\n\t\t\t\t<\/div>\n\t\t\t\t\t<\/div>\n\t\t<\/div>\n\t\t\t\t\t<\/div>\n\t\t<\/section>\n\t\t\t\t\t<\/div>\n\t\t<\/div>\n\t\t\t\t\t<\/div>\n\t\t<\/section>\n\t\t\t\t<\/div>","protected":false},"excerpt":{"rendered":"<p>Employment opportunities We want you! We are continuously looking for associates on our current projects.&nbsp; To check out our core values click here. We can use experts in various areas, [&hellip;]<\/p>\n","protected":false},"author":1,"featured_media":0,"parent":0,"menu_order":0,"comment_status":"closed","ping_status":"closed","template":"","meta":{"site-sidebar-layout":"no-sidebar","site-content-layout":"page-builder","ast-site-content-layout":"default","site-content-style":"default","site-sidebar-style":"default","ast-global-header-display":"","ast-banner-title-visibility":"","ast-main-header-display":"","ast-hfb-above-header-display":"","ast-hfb-below-header-display":"","ast-hfb-mobile-header-display":"","site-post-title":"disabled","ast-breadcrumbs-content":"","ast-featured-img":"disabled","footer-sml-layout":"","ast-disable-related-posts":"","theme-transparent-header-meta":"","adv-header-id-meta":"","stick-header-meta":"","header-above-stick-meta":"","header-main-stick-meta":"","header-below-stick-meta":"","astra-migrate-meta-layouts":"default","ast-page-background-enabled":"default","ast-page-background-meta":{"desktop":{"background-color":"","background-image":"","background-repeat":"repeat","background-position":"center center","background-size":"auto","background-attachment":"scroll","background-type":"","background-media":"","overlay-type":"","overlay-color":"","overlay-opacity":"","overlay-gradient":""},"tablet":{"background-color":"","background-image":"","background-repeat":"repeat","background-position":"center center","background-size":"auto","background-attachment":"scroll","background-type":"","background-media":"","overlay-type":"","overlay-color":"","overlay-opacity":"","overlay-gradient":""},"mobile":{"background-color":"","background-image":"","background-repeat":"repeat","background-position":"center center","background-size":"auto","background-attachment":"scroll","background-type":"","background-media":"","overlay-type":"","overlay-color":"","overlay-opacity":"","overlay-gradient":""}},"ast-content-background-meta":{"desktop":{"background-color":"var(--ast-global-color-5)","background-image":"","background-repeat":"repeat","background-position":"center center","background-size":"auto","background-attachment":"scroll","background-type":"","background-media":"","overlay-type":"","overlay-color":"","overlay-opacity":"","overlay-gradient":""},"tablet":{"background-color":"var(--ast-global-color-5)","background-image":"","background-repeat":"repeat","background-position":"center center","background-size":"auto","background-attachment":"scroll","background-type":"","background-media":"","overlay-type":"","overlay-color":"","overlay-opacity":"","overlay-gradient":""},"mobile":{"background-color":"var(--ast-global-color-5)","background-image":"","background-repeat":"repeat","background-position":"center center","background-size":"auto","background-attachment":"scroll","background-type":"","background-media":"","overlay-type":"","overlay-color":"","overlay-opacity":"","overlay-gradient":""}},"footnotes":""},"class_list":["post-1982","page","type-page","status-publish","hentry"],"yoast_head":"<!-- This site is optimized with the Yoast SEO plugin v27.3 - https:\/\/yoast.com\/product\/yoast-seo-wordpress\/ -->\n<title>Jobs - Consalta<\/title>\n<meta name=\"robots\" content=\"index, follow, max-snippet:-1, max-image-preview:large, max-video-preview:-1\" \/>\n<link rel=\"canonical\" href=\"https:\/\/consalta.ba\/ba\/poslovi\/\" \/>\n<meta property=\"og:locale\" content=\"bs_BA\" \/>\n<meta property=\"og:type\" content=\"article\" \/>\n<meta property=\"og:title\" content=\"Jobs - Consalta\" \/>\n<meta property=\"og:description\" content=\"Employment opportunities We want you! We are continuously looking for associates on our current projects.&nbsp; To check out our core values click here. We can use experts in various areas, [&hellip;]\" \/>\n<meta property=\"og:url\" content=\"https:\/\/consalta.ba\/ba\/poslovi\/\" \/>\n<meta property=\"og:site_name\" content=\"Consalta\" \/>\n<meta property=\"article:modified_time\" content=\"2025-02-09T19:52:36+00:00\" \/>\n<meta property=\"og:image\" content=\"https:\/\/consalta.ba\/wp-content\/uploads\/2023\/04\/Rad-Iz-Kancelarije-1024x683-340x460-1.jpg\" \/>\n<meta name=\"twitter:card\" content=\"summary_large_image\" \/>\n<script type=\"application\/ld+json\" class=\"yoast-schema-graph\">{\"@context\":\"https:\\\/\\\/schema.org\",\"@graph\":[{\"@type\":\"WebPage\",\"@id\":\"https:\\\/\\\/consalta.ba\\\/en\\\/jobs\\\/\",\"url\":\"https:\\\/\\\/consalta.ba\\\/en\\\/jobs\\\/\",\"name\":\"Jobs - Consalta\",\"isPartOf\":{\"@id\":\"https:\\\/\\\/consalta.ba\\\/en\\\/#website\"},\"primaryImageOfPage\":{\"@id\":\"https:\\\/\\\/consalta.ba\\\/en\\\/jobs\\\/#primaryimage\"},\"image\":{\"@id\":\"https:\\\/\\\/consalta.ba\\\/en\\\/jobs\\\/#primaryimage\"},\"thumbnailUrl\":\"https:\\\/\\\/consalta.ba\\\/wp-content\\\/uploads\\\/2023\\\/04\\\/Rad-Iz-Kancelarije-1024x683-340x460-1.jpg\",\"datePublished\":\"2023-04-14T15:10:51+00:00\",\"dateModified\":\"2025-02-09T19:52:36+00:00\",\"breadcrumb\":{\"@id\":\"https:\\\/\\\/consalta.ba\\\/en\\\/jobs\\\/#breadcrumb\"},\"inLanguage\":\"bs-BA\",\"potentialAction\":[{\"@type\":\"ReadAction\",\"target\":[\"https:\\\/\\\/consalta.ba\\\/en\\\/jobs\\\/\"]}]},{\"@type\":\"ImageObject\",\"inLanguage\":\"bs-BA\",\"@id\":\"https:\\\/\\\/consalta.ba\\\/en\\\/jobs\\\/#primaryimage\",\"url\":\"https:\\\/\\\/consalta.ba\\\/wp-content\\\/uploads\\\/2023\\\/04\\\/Rad-Iz-Kancelarije-1024x683-340x460-1.jpg\",\"contentUrl\":\"https:\\\/\\\/consalta.ba\\\/wp-content\\\/uploads\\\/2023\\\/04\\\/Rad-Iz-Kancelarije-1024x683-340x460-1.jpg\"},{\"@type\":\"BreadcrumbList\",\"@id\":\"https:\\\/\\\/consalta.ba\\\/en\\\/jobs\\\/#breadcrumb\",\"itemListElement\":[{\"@type\":\"ListItem\",\"position\":1,\"name\":\"Home\",\"item\":\"https:\\\/\\\/consalta.ba\\\/en\\\/\"},{\"@type\":\"ListItem\",\"position\":2,\"name\":\"Jobs\"}]},{\"@type\":\"WebSite\",\"@id\":\"https:\\\/\\\/consalta.ba\\\/en\\\/#website\",\"url\":\"https:\\\/\\\/consalta.ba\\\/en\\\/\",\"name\":\"Consalta\",\"description\":\"Get Certified!\",\"publisher\":{\"@id\":\"https:\\\/\\\/consalta.ba\\\/en\\\/#organization\"},\"potentialAction\":[{\"@type\":\"SearchAction\",\"target\":{\"@type\":\"EntryPoint\",\"urlTemplate\":\"https:\\\/\\\/consalta.ba\\\/en\\\/?s={search_term_string}\"},\"query-input\":{\"@type\":\"PropertyValueSpecification\",\"valueRequired\":true,\"valueName\":\"search_term_string\"}}],\"inLanguage\":\"bs-BA\"},{\"@type\":\"Organization\",\"@id\":\"https:\\\/\\\/consalta.ba\\\/en\\\/#organization\",\"name\":\"Consalta\",\"url\":\"https:\\\/\\\/consalta.ba\\\/en\\\/\",\"logo\":{\"@type\":\"ImageObject\",\"inLanguage\":\"bs-BA\",\"@id\":\"https:\\\/\\\/consalta.ba\\\/en\\\/#\\\/schema\\\/logo\\\/image\\\/\",\"url\":\"https:\\\/\\\/consalta.ba\\\/wp-content\\\/uploads\\\/2024\\\/11\\\/Logo-getcert-2024_transpback_blue-black.png\",\"contentUrl\":\"https:\\\/\\\/consalta.ba\\\/wp-content\\\/uploads\\\/2024\\\/11\\\/Logo-getcert-2024_transpback_blue-black.png\",\"width\":\"617\",\"height\":\"90\",\"caption\":\"Consalta\"},\"image\":{\"@id\":\"https:\\\/\\\/consalta.ba\\\/en\\\/#\\\/schema\\\/logo\\\/image\\\/\"},\"sameAs\":[\"https:\\\/\\\/ba.linkedin.com\\\/company\\\/consalta-d.o.o.\"]}]}<\/script>\n<!-- \/ Yoast SEO plugin. -->","yoast_head_json":{"title":"Poslovi - Consalta","robots":{"index":"index","follow":"follow","max-snippet":"max-snippet:-1","max-image-preview":"max-image-preview:large","max-video-preview":"max-video-preview:-1"},"canonical":"https:\/\/consalta.ba\/ba\/poslovi\/","og_locale":"bs_BA","og_type":"article","og_title":"Jobs - Consalta","og_description":"Employment opportunities We want you! We are continuously looking for associates on our current projects.&nbsp; To check out our core values click here. We can use experts in various areas, [&hellip;]","og_url":"https:\/\/consalta.ba\/ba\/poslovi\/","og_site_name":"Consalta","article_modified_time":"2025-02-09T19:52:36+00:00","og_image":[{"url":"https:\/\/consalta.ba\/wp-content\/uploads\/2023\/04\/Rad-Iz-Kancelarije-1024x683-340x460-1.jpg","type":"","width":"","height":""}],"twitter_card":"summary_large_image","schema":{"@context":"https:\/\/schema.org","@graph":[{"@type":"WebPage","@id":"https:\/\/consalta.ba\/en\/jobs\/","url":"https:\/\/consalta.ba\/en\/jobs\/","name":"Poslovi - Consalta","isPartOf":{"@id":"https:\/\/consalta.ba\/en\/#website"},"primaryImageOfPage":{"@id":"https:\/\/consalta.ba\/en\/jobs\/#primaryimage"},"image":{"@id":"https:\/\/consalta.ba\/en\/jobs\/#primaryimage"},"thumbnailUrl":"https:\/\/consalta.ba\/wp-content\/uploads\/2023\/04\/Rad-Iz-Kancelarije-1024x683-340x460-1.jpg","datePublished":"2023-04-14T15:10:51+00:00","dateModified":"2025-02-09T19:52:36+00:00","breadcrumb":{"@id":"https:\/\/consalta.ba\/en\/jobs\/#breadcrumb"},"inLanguage":"bs-BA","potentialAction":[{"@type":"ReadAction","target":["https:\/\/consalta.ba\/en\/jobs\/"]}]},{"@type":"ImageObject","inLanguage":"bs-BA","@id":"https:\/\/consalta.ba\/en\/jobs\/#primaryimage","url":"https:\/\/consalta.ba\/wp-content\/uploads\/2023\/04\/Rad-Iz-Kancelarije-1024x683-340x460-1.jpg","contentUrl":"https:\/\/consalta.ba\/wp-content\/uploads\/2023\/04\/Rad-Iz-Kancelarije-1024x683-340x460-1.jpg"},{"@type":"BreadcrumbList","@id":"https:\/\/consalta.ba\/en\/jobs\/#breadcrumb","itemListElement":[{"@type":"ListItem","position":1,"name":"Home","item":"https:\/\/consalta.ba\/en\/"},{"@type":"ListItem","position":2,"name":"Jobs"}]},{"@type":"WebSite","@id":"https:\/\/consalta.ba\/en\/#website","url":"https:\/\/consalta.ba\/en\/","name":"Consalta","description":"Obezbijedite certifikat!","publisher":{"@id":"https:\/\/consalta.ba\/en\/#organization"},"potentialAction":[{"@type":"SearchAction","target":{"@type":"EntryPoint","urlTemplate":"https:\/\/consalta.ba\/en\/?s={search_term_string}"},"query-input":{"@type":"PropertyValueSpecification","valueRequired":true,"valueName":"search_term_string"}}],"inLanguage":"bs-BA"},{"@type":"Organization","@id":"https:\/\/consalta.ba\/en\/#organization","name":"Consalta","url":"https:\/\/consalta.ba\/en\/","logo":{"@type":"ImageObject","inLanguage":"bs-BA","@id":"https:\/\/consalta.ba\/en\/#\/schema\/logo\/image\/","url":"https:\/\/consalta.ba\/wp-content\/uploads\/2024\/11\/Logo-getcert-2024_transpback_blue-black.png","contentUrl":"https:\/\/consalta.ba\/wp-content\/uploads\/2024\/11\/Logo-getcert-2024_transpback_blue-black.png","width":"617","height":"90","caption":"Consalta"},"image":{"@id":"https:\/\/consalta.ba\/en\/#\/schema\/logo\/image\/"},"sameAs":["https:\/\/ba.linkedin.com\/company\/consalta-d.o.o."]}]}},"rttpg_featured_image_url":null,"rttpg_author":{"display_name":"OJB","author_link":"https:\/\/consalta.ba\/ba\/author\/admin_8k999oh2\/"},"rttpg_comment":0,"rttpg_category":null,"rttpg_excerpt":"Employment opportunities We want you! We are continuously looking for associates on our current projects.&nbsp; To check out our core values click here. We can use experts in various areas, [&hellip;]","_links":{"self":[{"href":"https:\/\/consalta.ba\/ba\/wp-json\/wp\/v2\/pages\/1982","targetHints":{"allow":["GET"]}}],"collection":[{"href":"https:\/\/consalta.ba\/ba\/wp-json\/wp\/v2\/pages"}],"about":[{"href":"https:\/\/consalta.ba\/ba\/wp-json\/wp\/v2\/types\/page"}],"author":[{"embeddable":true,"href":"https:\/\/consalta.ba\/ba\/wp-json\/wp\/v2\/users\/1"}],"replies":[{"embeddable":true,"href":"https:\/\/consalta.ba\/ba\/wp-json\/wp\/v2\/comments?post=1982"}],"version-history":[{"count":46,"href":"https:\/\/consalta.ba\/ba\/wp-json\/wp\/v2\/pages\/1982\/revisions"}],"predecessor-version":[{"id":2836,"href":"https:\/\/consalta.ba\/ba\/wp-json\/wp\/v2\/pages\/1982\/revisions\/2836"}],"wp:attachment":[{"href":"https:\/\/consalta.ba\/ba\/wp-json\/wp\/v2\/media?parent=1982"}],"curies":[{"name":"wp","href":"https:\/\/api.w.org\/{rel}","templated":true}]}}