{"id":1973,"date":"2023-04-14T16:49:10","date_gmt":"2023-04-14T14:49:10","guid":{"rendered":"https:\/\/consalta.ba\/?page_id=1973"},"modified":"2024-10-21T19:45:15","modified_gmt":"2024-10-21T17:45:15","slug":"qms-sistem-upravljanja-kvalitetom-iso-9001","status":"publish","type":"page","link":"https:\/\/consalta.ba\/ba\/qms-quality-management-system-iso-9001\/","title":{"rendered":"QMS \u2013 ISO 9001"},"content":{"rendered":"<div data-elementor-type=\"wp-page\" data-elementor-id=\"1973\" class=\"elementor elementor-1973\">\n\t\t\t\t\t\t<section class=\"elementor-section elementor-top-section elementor-element elementor-element-1132a2d7 elementor-section-height-min-height elementor-section-boxed elementor-section-height-default elementor-section-items-middle\" data-id=\"1132a2d7\" data-element_type=\"section\" data-e-type=\"section\" data-settings=\"{&quot;background_background&quot;:&quot;classic&quot;}\">\n\t\t\t\t\t\t\t<div class=\"elementor-background-overlay\"><\/div>\n\t\t\t\t\t\t\t<div class=\"elementor-container elementor-column-gap-no\">\n\t\t\t\t\t<div class=\"elementor-column elementor-col-100 elementor-top-column elementor-element elementor-element-552fc344\" data-id=\"552fc344\" data-element_type=\"column\" data-e-type=\"column\">\n\t\t\t<div class=\"elementor-widget-wrap elementor-element-populated\">\n\t\t\t\t\t\t<div class=\"elementor-element elementor-element-bd8eb05 elementor-widget-divider--view-line elementor-widget elementor-widget-divider\" data-id=\"bd8eb05\" data-element_type=\"widget\" data-e-type=\"widget\" data-widget_type=\"divider.default\">\n\t\t\t\t<div class=\"elementor-widget-container\">\n\t\t\t\t\t\t\t<div class=\"elementor-divider\">\n\t\t\t<span class=\"elementor-divider-separator\">\n\t\t\t\t\t\t<\/span>\n\t\t<\/div>\n\t\t\t\t\t\t<\/div>\n\t\t\t\t<\/div>\n\t\t\t\t<div class=\"elementor-element elementor-element-66cd808c elementor-widget elementor-widget-text-editor\" data-id=\"66cd808c\" data-element_type=\"widget\" data-e-type=\"widget\" data-widget_type=\"text-editor.default\">\n\t\t\t\t<div class=\"elementor-widget-container\">\n\t\t\t\t\t\t\t\t\t<p>ISO 9001:2015<\/p>\t\t\t\t\t\t\t\t<\/div>\n\t\t\t\t<\/div>\n\t\t\t\t<div class=\"elementor-element elementor-element-2d9bdbaa elementor-widget elementor-widget-heading\" data-id=\"2d9bdbaa\" data-element_type=\"widget\" data-e-type=\"widget\" data-widget_type=\"heading.default\">\n\t\t\t\t<div class=\"elementor-widget-container\">\n\t\t\t\t\t<h1 class=\"elementor-heading-title elementor-size-default\">QMS - Sistem upravljanja kvalitetom<\/h1>\t\t\t\t<\/div>\n\t\t\t\t<\/div>\n\t\t\t\t\t<\/div>\n\t\t<\/div>\n\t\t\t\t\t<\/div>\n\t\t<\/section>\n\t\t\t\t<section class=\"elementor-section elementor-top-section elementor-element elementor-element-b355892 elementor-section-boxed elementor-section-height-default elementor-section-height-default\" data-id=\"b355892\" data-element_type=\"section\" data-e-type=\"section\">\n\t\t\t\t\t\t<div class=\"elementor-container elementor-column-gap-default\">\n\t\t\t\t\t<div class=\"elementor-column elementor-col-100 elementor-top-column elementor-element elementor-element-d21c10d\" data-id=\"d21c10d\" data-element_type=\"column\" data-e-type=\"column\">\n\t\t\t<div class=\"elementor-widget-wrap elementor-element-populated\">\n\t\t\t\t\t\t<div class=\"elementor-element elementor-element-5955567 elementor-view-default elementor-invisible elementor-widget elementor-widget-icon\" data-id=\"5955567\" data-element_type=\"widget\" data-e-type=\"widget\" data-settings=\"{&quot;_animation&quot;:&quot;zoomInDown&quot;,&quot;_animation_delay&quot;:700}\" data-widget_type=\"icon.default\">\n\t\t\t\t<div class=\"elementor-widget-container\">\n\t\t\t\t\t\t\t<div class=\"elementor-icon-wrapper\">\n\t\t\t<a class=\"elementor-icon\" href=\"#QMS-S2\">\n\t\t\t<i aria-hidden=\"true\" class=\"fas fa-chevron-down\"><\/i>\t\t\t<\/a>\n\t\t<\/div>\n\t\t\t\t\t\t<\/div>\n\t\t\t\t<\/div>\n\t\t\t\t\t<\/div>\n\t\t<\/div>\n\t\t\t\t\t<\/div>\n\t\t<\/section>\n\t\t\t\t<section class=\"elementor-section elementor-top-section elementor-element elementor-element-38d0e092 elementor-section-content-top elementor-section-boxed elementor-section-height-default elementor-section-height-default\" data-id=\"38d0e092\" data-element_type=\"section\" data-e-type=\"section\" id=\"QMS-S2\" data-settings=\"{&quot;background_background&quot;:&quot;classic&quot;}\">\n\t\t\t\t\t\t<div class=\"elementor-container elementor-column-gap-no\">\n\t\t\t\t\t<div class=\"elementor-column elementor-col-50 elementor-top-column elementor-element elementor-element-1d81c7a\" data-id=\"1d81c7a\" data-element_type=\"column\" data-e-type=\"column\">\n\t\t\t<div class=\"elementor-widget-wrap elementor-element-populated\">\n\t\t\t\t\t\t<div class=\"elementor-element elementor-element-383371de elementor-widget elementor-widget-image\" data-id=\"383371de\" data-element_type=\"widget\" data-e-type=\"widget\" data-widget_type=\"image.default\">\n\t\t\t\t<div class=\"elementor-widget-container\">\n\t\t\t\t\t\t\t\t\t\t\t\t\t\t\t<img fetchpriority=\"high\" decoding=\"async\" width=\"374\" height=\"483\" src=\"https:\/\/consalta.ba\/wp-content\/uploads\/2023\/04\/ISO-9001-graphic-e1682256706151.webp\" class=\"attachment-full size-full wp-image-2277\" alt=\"QMS ISO 9001\" srcset=\"https:\/\/consalta.ba\/wp-content\/uploads\/2023\/04\/ISO-9001-graphic-e1682256706151.webp 374w, https:\/\/consalta.ba\/wp-content\/uploads\/2023\/04\/ISO-9001-graphic-e1682256706151-232x300.webp 232w\" sizes=\"(max-width: 374px) 100vw, 374px\" \/>\t\t\t\t\t\t\t\t\t\t\t\t\t\t\t<\/div>\n\t\t\t\t<\/div>\n\t\t\t\t\t<\/div>\n\t\t<\/div>\n\t\t\t\t<div class=\"elementor-column elementor-col-50 elementor-top-column elementor-element elementor-element-5b7ce87e\" data-id=\"5b7ce87e\" data-element_type=\"column\" data-e-type=\"column\">\n\t\t\t<div class=\"elementor-widget-wrap elementor-element-populated\">\n\t\t\t\t\t\t<div class=\"elementor-element elementor-element-17448ab8 elementor-widget elementor-widget-text-editor\" data-id=\"17448ab8\" data-element_type=\"widget\" data-e-type=\"widget\" data-widget_type=\"text-editor.default\">\n\t\t\t\t<div class=\"elementor-widget-container\">\n\t\t\t\t\t\t\t\t\t<p>Kroz implementaciju zahtjeva ISO 9001, organizacije dizajniraju i izgra\u0111uju odgovaraju\u0107i i prikladan Sistem upravljanja kvalitetom (QMS). QMS je alat za upravljanje koji poma\u017ee organizacijama da uspostave i upravljaju svojim poslovnim aktivnostima na na\u010din koji osigurava ispunjavanje zahtjeva i o\u010dekivanja svojih kupaca i drugih zainteresovanih strana.\u00a0<\/p><p>ISO 9001 i Sistem upravljanja kvalitetom predstavljaju osnovu i \"pravi po\u010detak\" svih sistema upravljanja u organizaciji.\u00a0<\/p><p>Ovaj standard je:<\/p><ul><li>Prepoznat u 178 zemalja u \u010ditavom svijetu<\/li><li>Implementiran i certificiran u preko 2 miliona organizacija<\/li><\/ul><p><strong>Za\u0161to implementirati ISO 9001?<\/strong><\/p><ul><li>Ispunjavanje o\u010dekivanja kupaca i klijenata<\/li><li>Smanjenje tro\u0161kova i pove\u0107anje produktivnosti<\/li><li>Dokumentovanje poslovnih aktivnosti<\/li><li>Sistemati\u010dno rje\u0161avanje problema\u00a0<\/li><li>Dono\u0161enje poslovnih odluka zasnovanih na \u010dinjenicama<\/li><li>Fokusiranje na procese koji donose novu, pove\u0107anu profitabilnost<\/li><li>Podizanje imid\u017ea organizacije kroz pravilno adresiranje zahtjeva i o\u010dekivanja kupaca\u00a0<\/li><\/ul>\t\t\t\t\t\t\t\t<\/div>\n\t\t\t\t<\/div>\n\t\t\t\t\t<\/div>\n\t\t<\/div>\n\t\t\t\t\t<\/div>\n\t\t<\/section>\n\t\t\t\t<section class=\"elementor-section elementor-top-section elementor-element elementor-element-113a6367 elementor-section-boxed elementor-section-height-default elementor-section-height-default\" data-id=\"113a6367\" data-element_type=\"section\" data-e-type=\"section\">\n\t\t\t\t\t\t<div class=\"elementor-container elementor-column-gap-default\">\n\t\t\t\t\t<div class=\"elementor-column elementor-col-100 elementor-top-column elementor-element elementor-element-385c5e49\" data-id=\"385c5e49\" data-element_type=\"column\" data-e-type=\"column\">\n\t\t\t<div class=\"elementor-widget-wrap elementor-element-populated\">\n\t\t\t\t\t\t<div class=\"elementor-element elementor-element-6c8213d5 elementor-widget elementor-widget-heading\" data-id=\"6c8213d5\" data-element_type=\"widget\" data-e-type=\"widget\" data-widget_type=\"heading.default\">\n\t\t\t\t<div class=\"elementor-widget-container\">\n\t\t\t\t\t<h3 class=\"elementor-heading-title elementor-size-default\">Koja je uloga Consalte?<\/h3>\t\t\t\t<\/div>\n\t\t\t\t<\/div>\n\t\t\t\t<div class=\"elementor-element elementor-element-769e5d4e elementor-widget elementor-widget-text-editor\" data-id=\"769e5d4e\" data-element_type=\"widget\" data-e-type=\"widget\" data-widget_type=\"text-editor.default\">\n\t\t\t\t<div class=\"elementor-widget-container\">\n\t\t\t\t\t\t\t\t\t<ul><li><strong>Sara\u0111ujemo s klijentima u implementaciji kroz cijeli proces (aktivno sudjelovanje u projektu)<\/strong>. Na\u0161i konsultanti vode projekat kroz sve faze, uklju\u010duju\u0107i certifikaciju od strane vanjskog tijela. Ovo uklju\u010duje razvoj politika, procedura i druge dokumentacije, kao i intenzivnu obuku implementacijskog tima na strani klijenta.\u00a0<\/li><li><strong>Podr\u0161ka u post implementacijskoj<\/strong><strong>\u00a0fazi.<\/strong>\u00a0Te\u017eimo odr\u017eavanju visokog nivoa saradnje i povjerenja ostaju\u0107i uz klijenta tokom ranih faza upravljanja uspostavljenim sistemom kvaliteta.<\/li><\/ul>\t\t\t\t\t\t\t\t<\/div>\n\t\t\t\t<\/div>\n\t\t\t\t\t<\/div>\n\t\t<\/div>\n\t\t\t\t\t<\/div>\n\t\t<\/section>\n\t\t\t\t<section class=\"elementor-section elementor-top-section elementor-element elementor-element-307e0216 elementor-section-boxed elementor-section-height-default elementor-section-height-default\" data-id=\"307e0216\" data-element_type=\"section\" data-e-type=\"section\" data-settings=\"{&quot;background_background&quot;:&quot;classic&quot;}\">\n\t\t\t\t\t\t<div class=\"elementor-container elementor-column-gap-default\">\n\t\t\t\t\t<div class=\"elementor-column elementor-col-100 elementor-top-column elementor-element elementor-element-33718f74\" data-id=\"33718f74\" data-element_type=\"column\" data-e-type=\"column\" data-settings=\"{&quot;background_background&quot;:&quot;classic&quot;}\">\n\t\t\t<div class=\"elementor-widget-wrap elementor-element-populated\">\n\t\t\t\t\t\t<section class=\"elementor-section elementor-inner-section elementor-element elementor-element-35622c69 elementor-section-content-middle elementor-section-boxed elementor-section-height-default elementor-section-height-default\" data-id=\"35622c69\" data-element_type=\"section\" data-e-type=\"section\">\n\t\t\t\t\t\t<div class=\"elementor-container elementor-column-gap-default\">\n\t\t\t\t\t<div class=\"elementor-column elementor-col-50 elementor-inner-column elementor-element elementor-element-61ab1b56\" data-id=\"61ab1b56\" data-element_type=\"column\" data-e-type=\"column\">\n\t\t\t<div class=\"elementor-widget-wrap elementor-element-populated\">\n\t\t\t\t\t\t<div class=\"elementor-element elementor-element-203ada1a elementor-widget elementor-widget-heading\" data-id=\"203ada1a\" data-element_type=\"widget\" data-e-type=\"widget\" data-widget_type=\"heading.default\">\n\t\t\t\t<div class=\"elementor-widget-container\">\n\t\t\t\t\t<h3 class=\"elementor-heading-title elementor-size-default\">Ne znate odakle da po\u010dnete ili imate konkretan problem?<\/h3>\t\t\t\t<\/div>\n\t\t\t\t<\/div>\n\t\t\t\t<div class=\"elementor-element elementor-element-201a0066 elementor-widget elementor-widget-text-editor\" data-id=\"201a0066\" data-element_type=\"widget\" data-e-type=\"widget\" data-widget_type=\"text-editor.default\">\n\t\t\t\t<div class=\"elementor-widget-container\">\n\t\t\t\t\t\t\t\t\t<p>Po\u010detna konsultacija je potpuno besplatna! Na\u0161 cilj je zaista pomo\u0107i klijentima da ostvare svoje ciljeve. Razgovara\u0107ete direktno s jednim od na\u0161ih konsultanata \u2013 bez napadnih prodajnih taktika i bez bilo kakvih obaveza. <br \/><strong>Iskoristite priliku \u2013 uvjerite se sami!<\/strong><\/p>\t\t\t\t\t\t\t\t<\/div>\n\t\t\t\t<\/div>\n\t\t\t\t\t<\/div>\n\t\t<\/div>\n\t\t\t\t<div class=\"elementor-column elementor-col-50 elementor-inner-column elementor-element elementor-element-19e86236\" data-id=\"19e86236\" data-element_type=\"column\" data-e-type=\"column\">\n\t\t\t<div class=\"elementor-widget-wrap elementor-element-populated\">\n\t\t\t\t\t\t<div class=\"elementor-element elementor-element-45af47c0 elementor-align-right elementor-tablet-align-center elementor-widget elementor-widget-button\" data-id=\"45af47c0\" data-element_type=\"widget\" data-e-type=\"widget\" data-widget_type=\"button.default\">\n\t\t\t\t<div class=\"elementor-widget-container\">\n\t\t\t\t\t\t\t\t\t<div class=\"elementor-button-wrapper\">\n\t\t\t\t\t<a class=\"elementor-button elementor-button-link elementor-size-sm\" href=\"https:\/\/consalta.ba\/ba\/kontakt\/\">\n\t\t\t\t\t\t<span class=\"elementor-button-content-wrapper\">\n\t\t\t\t\t\t\t\t\t<span class=\"elementor-button-text\">Besplatna konsultacija<\/span>\n\t\t\t\t\t<\/span>\n\t\t\t\t\t<\/a>\n\t\t\t\t<\/div>\n\t\t\t\t\t\t\t\t<\/div>\n\t\t\t\t<\/div>\n\t\t\t\t\t<\/div>\n\t\t<\/div>\n\t\t\t\t\t<\/div>\n\t\t<\/section>\n\t\t\t\t\t<\/div>\n\t\t<\/div>\n\t\t\t\t\t<\/div>\n\t\t<\/section>\n\t\t\t\t<\/div>","protected":false},"excerpt":{"rendered":"<p>ISO 9001:2015 QMS &#8211; Quality Management System Through the implementation of ISO 9001 requirements, organizations design and build an appropriate and suitable Quality Management System (QMS). QMS is a management [&hellip;]<\/p>\n","protected":false},"author":1,"featured_media":0,"parent":0,"menu_order":0,"comment_status":"closed","ping_status":"closed","template":"","meta":{"site-sidebar-layout":"no-sidebar","site-content-layout":"page-builder","ast-site-content-layout":"default","site-content-style":"default","site-sidebar-style":"default","ast-global-header-display":"","ast-banner-title-visibility":"","ast-main-header-display":"","ast-hfb-above-header-display":"","ast-hfb-below-header-display":"","ast-hfb-mobile-header-display":"","site-post-title":"disabled","ast-breadcrumbs-content":"","ast-featured-img":"disabled","footer-sml-layout":"","ast-disable-related-posts":"","theme-transparent-header-meta":"","adv-header-id-meta":"","stick-header-meta":"","header-above-stick-meta":"","header-main-stick-meta":"","header-below-stick-meta":"","astra-migrate-meta-layouts":"default","ast-page-background-enabled":"default","ast-page-background-meta":{"desktop":{"background-color":"","background-image":"","background-repeat":"repeat","background-position":"center center","background-size":"auto","background-attachment":"scroll","background-type":"","background-media":"","overlay-type":"","overlay-color":"","overlay-opacity":"","overlay-gradient":""},"tablet":{"background-color":"","background-image":"","background-repeat":"repeat","background-position":"center center","background-size":"auto","background-attachment":"scroll","background-type":"","background-media":"","overlay-type":"","overlay-color":"","overlay-opacity":"","overlay-gradient":""},"mobile":{"background-color":"","background-image":"","background-repeat":"repeat","background-position":"center center","background-size":"auto","background-attachment":"scroll","background-type":"","background-media":"","overlay-type":"","overlay-color":"","overlay-opacity":"","overlay-gradient":""}},"ast-content-background-meta":{"desktop":{"background-color":"var(--ast-global-color-5)","background-image":"","background-repeat":"repeat","background-position":"center center","background-size":"auto","background-attachment":"scroll","background-type":"","background-media":"","overlay-type":"","overlay-color":"","overlay-opacity":"","overlay-gradient":""},"tablet":{"background-color":"var(--ast-global-color-5)","background-image":"","background-repeat":"repeat","background-position":"center center","background-size":"auto","background-attachment":"scroll","background-type":"","background-media":"","overlay-type":"","overlay-color":"","overlay-opacity":"","overlay-gradient":""},"mobile":{"background-color":"var(--ast-global-color-5)","background-image":"","background-repeat":"repeat","background-position":"center center","background-size":"auto","background-attachment":"scroll","background-type":"","background-media":"","overlay-type":"","overlay-color":"","overlay-opacity":"","overlay-gradient":""}},"footnotes":""},"class_list":["post-1973","page","type-page","status-publish","hentry"],"yoast_head":"<!-- This site is optimized with the Yoast SEO plugin v27.3 - https:\/\/yoast.com\/product\/yoast-seo-wordpress\/ -->\n<title>QMS - ISO 9001 - Consalta<\/title>\n<meta name=\"robots\" content=\"index, follow, max-snippet:-1, max-image-preview:large, max-video-preview:-1\" \/>\n<link rel=\"canonical\" href=\"https:\/\/consalta.ba\/ba\/qms-sistem-upravljanja-kvalitetom-iso-9001\/\" \/>\n<meta property=\"og:locale\" content=\"bs_BA\" \/>\n<meta property=\"og:type\" content=\"article\" \/>\n<meta property=\"og:title\" content=\"QMS - ISO 9001 - Consalta\" \/>\n<meta property=\"og:description\" content=\"ISO 9001:2015 QMS &#8211; Quality Management System Through the implementation of ISO 9001 requirements, organizations design and build an appropriate and suitable Quality Management System (QMS). QMS is a management [&hellip;]\" \/>\n<meta property=\"og:url\" content=\"https:\/\/consalta.ba\/ba\/qms-sistem-upravljanja-kvalitetom-iso-9001\/\" \/>\n<meta property=\"og:site_name\" content=\"Consalta\" \/>\n<meta property=\"article:modified_time\" content=\"2024-10-21T17:45:15+00:00\" \/>\n<meta property=\"og:image\" content=\"https:\/\/consalta.ba\/wp-content\/uploads\/2023\/04\/ISO-9001-graphic-e1682256706151.webp\" \/>\n<meta name=\"twitter:card\" content=\"summary_large_image\" \/>\n<meta name=\"twitter:label1\" content=\"Est. reading time\" \/>\n\t<meta name=\"twitter:data1\" content=\"1 minuta\" \/>\n<script type=\"application\/ld+json\" class=\"yoast-schema-graph\">{\"@context\":\"https:\\\/\\\/schema.org\",\"@graph\":[{\"@type\":\"WebPage\",\"@id\":\"https:\\\/\\\/consalta.ba\\\/en\\\/qms-quality-management-system-iso-9001\\\/\",\"url\":\"https:\\\/\\\/consalta.ba\\\/en\\\/qms-quality-management-system-iso-9001\\\/\",\"name\":\"QMS - ISO 9001 - Consalta\",\"isPartOf\":{\"@id\":\"https:\\\/\\\/consalta.ba\\\/en\\\/#website\"},\"primaryImageOfPage\":{\"@id\":\"https:\\\/\\\/consalta.ba\\\/en\\\/qms-quality-management-system-iso-9001\\\/#primaryimage\"},\"image\":{\"@id\":\"https:\\\/\\\/consalta.ba\\\/en\\\/qms-quality-management-system-iso-9001\\\/#primaryimage\"},\"thumbnailUrl\":\"https:\\\/\\\/consalta.ba\\\/wp-content\\\/uploads\\\/2023\\\/04\\\/ISO-9001-graphic-e1682256706151.webp\",\"datePublished\":\"2023-04-14T14:49:10+00:00\",\"dateModified\":\"2024-10-21T17:45:15+00:00\",\"breadcrumb\":{\"@id\":\"https:\\\/\\\/consalta.ba\\\/en\\\/qms-quality-management-system-iso-9001\\\/#breadcrumb\"},\"inLanguage\":\"bs-BA\",\"potentialAction\":[{\"@type\":\"ReadAction\",\"target\":[\"https:\\\/\\\/consalta.ba\\\/en\\\/qms-quality-management-system-iso-9001\\\/\"]}]},{\"@type\":\"ImageObject\",\"inLanguage\":\"bs-BA\",\"@id\":\"https:\\\/\\\/consalta.ba\\\/en\\\/qms-quality-management-system-iso-9001\\\/#primaryimage\",\"url\":\"https:\\\/\\\/consalta.ba\\\/wp-content\\\/uploads\\\/2023\\\/04\\\/ISO-9001-graphic-e1682256706151.webp\",\"contentUrl\":\"https:\\\/\\\/consalta.ba\\\/wp-content\\\/uploads\\\/2023\\\/04\\\/ISO-9001-graphic-e1682256706151.webp\"},{\"@type\":\"BreadcrumbList\",\"@id\":\"https:\\\/\\\/consalta.ba\\\/en\\\/qms-quality-management-system-iso-9001\\\/#breadcrumb\",\"itemListElement\":[{\"@type\":\"ListItem\",\"position\":1,\"name\":\"Home\",\"item\":\"https:\\\/\\\/consalta.ba\\\/en\\\/\"},{\"@type\":\"ListItem\",\"position\":2,\"name\":\"QMS &#8211; ISO 9001\"}]},{\"@type\":\"WebSite\",\"@id\":\"https:\\\/\\\/consalta.ba\\\/en\\\/#website\",\"url\":\"https:\\\/\\\/consalta.ba\\\/en\\\/\",\"name\":\"Consalta\",\"description\":\"Get Certified!\",\"publisher\":{\"@id\":\"https:\\\/\\\/consalta.ba\\\/en\\\/#organization\"},\"potentialAction\":[{\"@type\":\"SearchAction\",\"target\":{\"@type\":\"EntryPoint\",\"urlTemplate\":\"https:\\\/\\\/consalta.ba\\\/en\\\/?s={search_term_string}\"},\"query-input\":{\"@type\":\"PropertyValueSpecification\",\"valueRequired\":true,\"valueName\":\"search_term_string\"}}],\"inLanguage\":\"bs-BA\"},{\"@type\":\"Organization\",\"@id\":\"https:\\\/\\\/consalta.ba\\\/en\\\/#organization\",\"name\":\"Consalta\",\"url\":\"https:\\\/\\\/consalta.ba\\\/en\\\/\",\"logo\":{\"@type\":\"ImageObject\",\"inLanguage\":\"bs-BA\",\"@id\":\"https:\\\/\\\/consalta.ba\\\/en\\\/#\\\/schema\\\/logo\\\/image\\\/\",\"url\":\"https:\\\/\\\/consalta.ba\\\/wp-content\\\/uploads\\\/2024\\\/11\\\/Logo-getcert-2024_transpback_blue-black.png\",\"contentUrl\":\"https:\\\/\\\/consalta.ba\\\/wp-content\\\/uploads\\\/2024\\\/11\\\/Logo-getcert-2024_transpback_blue-black.png\",\"width\":\"617\",\"height\":\"90\",\"caption\":\"Consalta\"},\"image\":{\"@id\":\"https:\\\/\\\/consalta.ba\\\/en\\\/#\\\/schema\\\/logo\\\/image\\\/\"},\"sameAs\":[\"https:\\\/\\\/ba.linkedin.com\\\/company\\\/consalta-d.o.o.\"]}]}<\/script>\n<!-- \/ Yoast SEO plugin. -->","yoast_head_json":{"title":"QMS - ISO 9001 - Konsalta","robots":{"index":"index","follow":"follow","max-snippet":"max-snippet:-1","max-image-preview":"max-image-preview:large","max-video-preview":"max-video-preview:-1"},"canonical":"https:\/\/consalta.ba\/ba\/qms-sistem-upravljanja-kvalitetom-iso-9001\/","og_locale":"bs_BA","og_type":"article","og_title":"QMS - ISO 9001 - Consalta","og_description":"ISO 9001:2015 QMS &#8211; Quality Management System Through the implementation of ISO 9001 requirements, organizations design and build an appropriate and suitable Quality Management System (QMS). QMS is a management [&hellip;]","og_url":"https:\/\/consalta.ba\/ba\/qms-sistem-upravljanja-kvalitetom-iso-9001\/","og_site_name":"Consalta","article_modified_time":"2024-10-21T17:45:15+00:00","og_image":[{"url":"https:\/\/consalta.ba\/wp-content\/uploads\/2023\/04\/ISO-9001-graphic-e1682256706151.webp","type":"","width":"","height":""}],"twitter_card":"summary_large_image","twitter_misc":{"Est. reading time":"1 minuta"},"schema":{"@context":"https:\/\/schema.org","@graph":[{"@type":"WebPage","@id":"https:\/\/consalta.ba\/en\/qms-quality-management-system-iso-9001\/","url":"https:\/\/consalta.ba\/en\/qms-quality-management-system-iso-9001\/","name":"QMS - ISO 9001 - Konsalta","isPartOf":{"@id":"https:\/\/consalta.ba\/en\/#website"},"primaryImageOfPage":{"@id":"https:\/\/consalta.ba\/en\/qms-quality-management-system-iso-9001\/#primaryimage"},"image":{"@id":"https:\/\/consalta.ba\/en\/qms-quality-management-system-iso-9001\/#primaryimage"},"thumbnailUrl":"https:\/\/consalta.ba\/wp-content\/uploads\/2023\/04\/ISO-9001-graphic-e1682256706151.webp","datePublished":"2023-04-14T14:49:10+00:00","dateModified":"2024-10-21T17:45:15+00:00","breadcrumb":{"@id":"https:\/\/consalta.ba\/en\/qms-quality-management-system-iso-9001\/#breadcrumb"},"inLanguage":"bs-BA","potentialAction":[{"@type":"ReadAction","target":["https:\/\/consalta.ba\/en\/qms-quality-management-system-iso-9001\/"]}]},{"@type":"ImageObject","inLanguage":"bs-BA","@id":"https:\/\/consalta.ba\/en\/qms-quality-management-system-iso-9001\/#primaryimage","url":"https:\/\/consalta.ba\/wp-content\/uploads\/2023\/04\/ISO-9001-graphic-e1682256706151.webp","contentUrl":"https:\/\/consalta.ba\/wp-content\/uploads\/2023\/04\/ISO-9001-graphic-e1682256706151.webp"},{"@type":"BreadcrumbList","@id":"https:\/\/consalta.ba\/en\/qms-quality-management-system-iso-9001\/#breadcrumb","itemListElement":[{"@type":"ListItem","position":1,"name":"Home","item":"https:\/\/consalta.ba\/en\/"},{"@type":"ListItem","position":2,"name":"QMS &#8211; ISO 9001"}]},{"@type":"WebSite","@id":"https:\/\/consalta.ba\/en\/#website","url":"https:\/\/consalta.ba\/en\/","name":"Consalta","description":"Obezbijedite certifikat!","publisher":{"@id":"https:\/\/consalta.ba\/en\/#organization"},"potentialAction":[{"@type":"SearchAction","target":{"@type":"EntryPoint","urlTemplate":"https:\/\/consalta.ba\/en\/?s={search_term_string}"},"query-input":{"@type":"PropertyValueSpecification","valueRequired":true,"valueName":"search_term_string"}}],"inLanguage":"bs-BA"},{"@type":"Organization","@id":"https:\/\/consalta.ba\/en\/#organization","name":"Consalta","url":"https:\/\/consalta.ba\/en\/","logo":{"@type":"ImageObject","inLanguage":"bs-BA","@id":"https:\/\/consalta.ba\/en\/#\/schema\/logo\/image\/","url":"https:\/\/consalta.ba\/wp-content\/uploads\/2024\/11\/Logo-getcert-2024_transpback_blue-black.png","contentUrl":"https:\/\/consalta.ba\/wp-content\/uploads\/2024\/11\/Logo-getcert-2024_transpback_blue-black.png","width":"617","height":"90","caption":"Consalta"},"image":{"@id":"https:\/\/consalta.ba\/en\/#\/schema\/logo\/image\/"},"sameAs":["https:\/\/ba.linkedin.com\/company\/consalta-d.o.o."]}]}},"rttpg_featured_image_url":null,"rttpg_author":{"display_name":"OJB","author_link":"https:\/\/consalta.ba\/ba\/author\/admin_8k999oh2\/"},"rttpg_comment":0,"rttpg_category":null,"rttpg_excerpt":"ISO 9001:2015 QMS &#8211; Quality Management System Through the implementation of ISO 9001 requirements, organizations design and build an appropriate and suitable Quality Management System (QMS). QMS is a management [&hellip;]","_links":{"self":[{"href":"https:\/\/consalta.ba\/ba\/wp-json\/wp\/v2\/pages\/1973","targetHints":{"allow":["GET"]}}],"collection":[{"href":"https:\/\/consalta.ba\/ba\/wp-json\/wp\/v2\/pages"}],"about":[{"href":"https:\/\/consalta.ba\/ba\/wp-json\/wp\/v2\/types\/page"}],"author":[{"embeddable":true,"href":"https:\/\/consalta.ba\/ba\/wp-json\/wp\/v2\/users\/1"}],"replies":[{"embeddable":true,"href":"https:\/\/consalta.ba\/ba\/wp-json\/wp\/v2\/comments?post=1973"}],"version-history":[{"count":38,"href":"https:\/\/consalta.ba\/ba\/wp-json\/wp\/v2\/pages\/1973\/revisions"}],"predecessor-version":[{"id":2657,"href":"https:\/\/consalta.ba\/ba\/wp-json\/wp\/v2\/pages\/1973\/revisions\/2657"}],"wp:attachment":[{"href":"https:\/\/consalta.ba\/ba\/wp-json\/wp\/v2\/media?parent=1973"}],"curies":[{"name":"wp","href":"https:\/\/api.w.org\/{rel}","templated":true}]}}