{"id":1940,"date":"2023-04-14T15:51:04","date_gmt":"2023-04-14T13:51:04","guid":{"rendered":"https:\/\/consalta.ba\/?page_id=1940"},"modified":"2024-10-21T19:46:16","modified_gmt":"2024-10-21T17:46:16","slug":"bcms-sistem-upravljanja-kontinuitetom-poslovanja-iso-22301","status":"publish","type":"page","link":"https:\/\/consalta.ba\/ba\/bcms-business-continuity-management-system-iso-22301\/","title":{"rendered":"BCMS \u2013 ISO 22301"},"content":{"rendered":"<div data-elementor-type=\"wp-page\" data-elementor-id=\"1940\" class=\"elementor elementor-1940\">\n\t\t\t\t\t\t<section class=\"elementor-section elementor-top-section elementor-element elementor-element-14e6c65e elementor-section-height-min-height elementor-section-boxed elementor-section-height-default elementor-section-items-middle\" data-id=\"14e6c65e\" data-element_type=\"section\" data-e-type=\"section\" data-settings=\"{&quot;background_background&quot;:&quot;classic&quot;}\">\n\t\t\t\t\t\t\t<div class=\"elementor-background-overlay\"><\/div>\n\t\t\t\t\t\t\t<div class=\"elementor-container elementor-column-gap-no\">\n\t\t\t\t\t<div class=\"elementor-column elementor-col-100 elementor-top-column elementor-element elementor-element-476ece82\" data-id=\"476ece82\" data-element_type=\"column\" data-e-type=\"column\">\n\t\t\t<div class=\"elementor-widget-wrap elementor-element-populated\">\n\t\t\t\t\t\t<div class=\"elementor-element elementor-element-43006e55 elementor-widget-divider--view-line elementor-widget elementor-widget-divider\" data-id=\"43006e55\" data-element_type=\"widget\" data-e-type=\"widget\" data-widget_type=\"divider.default\">\n\t\t\t\t<div class=\"elementor-widget-container\">\n\t\t\t\t\t\t\t<div class=\"elementor-divider\">\n\t\t\t<span class=\"elementor-divider-separator\">\n\t\t\t\t\t\t<\/span>\n\t\t<\/div>\n\t\t\t\t\t\t<\/div>\n\t\t\t\t<\/div>\n\t\t\t\t<div class=\"elementor-element elementor-element-2f7162d6 elementor-widget elementor-widget-text-editor\" data-id=\"2f7162d6\" data-element_type=\"widget\" data-e-type=\"widget\" data-widget_type=\"text-editor.default\">\n\t\t\t\t<div class=\"elementor-widget-container\">\n\t\t\t\t\t\t\t\t\t<p>ISO 22301:2019<\/p>\t\t\t\t\t\t\t\t<\/div>\n\t\t\t\t<\/div>\n\t\t\t\t<div class=\"elementor-element elementor-element-49562918 elementor-widget elementor-widget-heading\" data-id=\"49562918\" data-element_type=\"widget\" data-e-type=\"widget\" data-widget_type=\"heading.default\">\n\t\t\t\t<div class=\"elementor-widget-container\">\n\t\t\t\t\t<h1 class=\"elementor-heading-title elementor-size-default\">BCMS - Sistem upravljanja kontinuitetom poslovanja<\/h1>\t\t\t\t<\/div>\n\t\t\t\t<\/div>\n\t\t\t\t\t<\/div>\n\t\t<\/div>\n\t\t\t\t\t<\/div>\n\t\t<\/section>\n\t\t\t\t<section class=\"elementor-section elementor-top-section elementor-element elementor-element-789eacfb elementor-section-content-top elementor-section-boxed elementor-section-height-default elementor-section-height-default\" data-id=\"789eacfb\" data-element_type=\"section\" data-e-type=\"section\" data-settings=\"{&quot;background_background&quot;:&quot;classic&quot;}\">\n\t\t\t\t\t\t<div class=\"elementor-container elementor-column-gap-no\">\n\t\t\t\t\t<div class=\"elementor-column elementor-col-50 elementor-top-column elementor-element elementor-element-30cf414d\" data-id=\"30cf414d\" data-element_type=\"column\" data-e-type=\"column\">\n\t\t\t<div class=\"elementor-widget-wrap elementor-element-populated\">\n\t\t\t\t\t\t<div class=\"elementor-element elementor-element-51b6d27c elementor-widget elementor-widget-image\" data-id=\"51b6d27c\" data-element_type=\"widget\" data-e-type=\"widget\" data-widget_type=\"image.default\">\n\t\t\t\t<div class=\"elementor-widget-container\">\n\t\t\t\t\t\t\t\t\t\t\t\t\t\t\t<img fetchpriority=\"high\" decoding=\"async\" width=\"600\" height=\"800\" src=\"https:\/\/consalta.ba\/wp-content\/uploads\/2023\/04\/t-600x800-1.jpg\" class=\"attachment-large size-large wp-image-2340\" alt=\"BCMS ISO 22301\" srcset=\"https:\/\/consalta.ba\/wp-content\/uploads\/2023\/04\/t-600x800-1.jpg 600w, https:\/\/consalta.ba\/wp-content\/uploads\/2023\/04\/t-600x800-1-225x300.jpg 225w\" sizes=\"(max-width: 600px) 100vw, 600px\" \/>\t\t\t\t\t\t\t\t\t\t\t\t\t\t\t<\/div>\n\t\t\t\t<\/div>\n\t\t\t\t\t<\/div>\n\t\t<\/div>\n\t\t\t\t<div class=\"elementor-column elementor-col-50 elementor-top-column elementor-element elementor-element-3e168a7f\" data-id=\"3e168a7f\" data-element_type=\"column\" data-e-type=\"column\">\n\t\t\t<div class=\"elementor-widget-wrap elementor-element-populated\">\n\t\t\t\t\t\t<div class=\"elementor-element elementor-element-21d41346 elementor-widget elementor-widget-text-editor\" data-id=\"21d41346\" data-element_type=\"widget\" data-e-type=\"widget\" data-widget_type=\"text-editor.default\">\n\t\t\t\t<div class=\"elementor-widget-container\">\n\t\t\t\t\t\t\t\t\t<p>Sve organizacije (bilo da su iz javnog ili privatnog sektora) pod sve ve\u0107im su pritiskom da planiraju za krizna vremena. Danas se organizacije suo\u010davaju sa \u0161irokim spektrom poslovnih rizika i prijetnji koji uklju\u010duju:<\/p><ul><li>Prirodne katastrofe i njihov uticaj na poslovanje, kao \u0161to su zemljotresi, poplave, oluje ili drugi oblici katastrofalnih vremenskih prilika\u00a0<\/li><li>Ljudske prijetnje uklju\u010duju niz razli\u010ditih prijetnji kao \u0161to su cyber napadi, gubitak tehnologije, komunikacija ili informacija, pa \u010dak i prevarne aktivnosti<\/li><li>Prijetnje ljudskim resursima, kao \u0161to su epidemije i pandemije, te drugi doga\u0111aji koji mogu dovesti do nedostatka osoblja u organizaciji, ili\u00a0<\/li><li>Prijetnje vezane za gubitak klju\u010dnih dobavlja\u010da i nemogu\u0107nost dobivanja proizvoda ili usluga koje pru\u017eaju klju\u010dni poslovni partneri<\/li><\/ul><div>Upravljanje kontinuitetom poslovanja \u010desto je lo\u0161e shva\u0107en koncept u mnogim organizacijama (\u010dak i velikim korporacijama). U su\u0161tini, kontinuitet poslovanja je program upravljanja s ciljem dizajniranja, implementacije i odr\u017eavanja strategija koje omogu\u0107avaju ne samo efikasan odgovor na doga\u0111aje koji naru\u0161avaju poslovne aktivnosti (i oporavak klju\u010dnih operacija), ve\u0107 i smanjenje vjerovatno\u0107e da se ti scenariji uop\u0161te realizuju.\u00a0<\/div><p>Kontinuitet poslovanja ne mo\u017ee se dizajnirati samo kao reakcija na prijete\u0107e doga\u0111aje, ve\u0107 mora imati i proaktivnu komponentu kroz implementaciju kontrola koje mogu eliminisati takve doga\u0111aje, smanjiti vjerovatno\u0107u njihovog pojavljivanja ili ograni\u010diti uticaj na poslovanje ukoliko se realizuju.\u00a0<\/p>\t\t\t\t\t\t\t\t<\/div>\n\t\t\t\t<\/div>\n\t\t\t\t\t<\/div>\n\t\t<\/div>\n\t\t\t\t\t<\/div>\n\t\t<\/section>\n\t\t\t\t<section class=\"elementor-section elementor-top-section elementor-element elementor-element-713341bb elementor-section-boxed elementor-section-height-default elementor-section-height-default\" data-id=\"713341bb\" data-element_type=\"section\" data-e-type=\"section\">\n\t\t\t\t\t\t<div class=\"elementor-container elementor-column-gap-default\">\n\t\t\t\t\t<div class=\"elementor-column elementor-col-100 elementor-top-column elementor-element elementor-element-64def360\" data-id=\"64def360\" data-element_type=\"column\" data-e-type=\"column\">\n\t\t\t<div class=\"elementor-widget-wrap elementor-element-populated\">\n\t\t\t\t\t\t<div class=\"elementor-element elementor-element-55c623b elementor-widget elementor-widget-heading\" data-id=\"55c623b\" data-element_type=\"widget\" data-e-type=\"widget\" data-widget_type=\"heading.default\">\n\t\t\t\t<div class=\"elementor-widget-container\">\n\t\t\t\t\t<h3 class=\"elementor-heading-title elementor-size-default\">Koja je uloga Consalte?<\/h3>\t\t\t\t<\/div>\n\t\t\t\t<\/div>\n\t\t\t\t<div class=\"elementor-element elementor-element-8940abb elementor-widget elementor-widget-text-editor\" data-id=\"8940abb\" data-element_type=\"widget\" data-e-type=\"widget\" data-widget_type=\"text-editor.default\">\n\t\t\t\t<div class=\"elementor-widget-container\">\n\t\t\t\t\t\t\t\t\t<p>Consalta stavlja fokus na analizu i procjenu trenutnog stanja i evaluaciju stvarne sposobnosti organizacije da odgovori na incidente ili katastrofe koje mogu uticati na poslovne aktivnosti. Tokom implementacije BCMS-a, sara\u0111ujemo s klijentima kako bismo razvili sveobuhvatnu Analizu uticaja na poslovanje (Business Impact Analysis) putem koje isti\u010demo stvarne prioritete koji poma\u017eu u postavljanju osnove za efikasno i efektivno rje\u0161enje.<\/p>\t\t\t\t\t\t\t\t<\/div>\n\t\t\t\t<\/div>\n\t\t\t\t\t<\/div>\n\t\t<\/div>\n\t\t\t\t\t<\/div>\n\t\t<\/section>\n\t\t\t\t<section class=\"elementor-section elementor-top-section elementor-element elementor-element-7edb2735 elementor-section-boxed elementor-section-height-default elementor-section-height-default\" data-id=\"7edb2735\" data-element_type=\"section\" data-e-type=\"section\" data-settings=\"{&quot;background_background&quot;:&quot;classic&quot;}\">\n\t\t\t\t\t\t<div class=\"elementor-container elementor-column-gap-default\">\n\t\t\t\t\t<div class=\"elementor-column elementor-col-100 elementor-top-column elementor-element elementor-element-236e6c34\" data-id=\"236e6c34\" data-element_type=\"column\" data-e-type=\"column\" data-settings=\"{&quot;background_background&quot;:&quot;classic&quot;}\">\n\t\t\t<div class=\"elementor-widget-wrap elementor-element-populated\">\n\t\t\t\t\t\t<section class=\"elementor-section elementor-inner-section elementor-element elementor-element-1fa457a elementor-section-content-middle elementor-section-boxed elementor-section-height-default elementor-section-height-default\" data-id=\"1fa457a\" data-element_type=\"section\" data-e-type=\"section\">\n\t\t\t\t\t\t<div class=\"elementor-container elementor-column-gap-default\">\n\t\t\t\t\t<div class=\"elementor-column elementor-col-50 elementor-inner-column elementor-element elementor-element-35a6998d\" data-id=\"35a6998d\" data-element_type=\"column\" data-e-type=\"column\">\n\t\t\t<div class=\"elementor-widget-wrap elementor-element-populated\">\n\t\t\t\t\t\t<div class=\"elementor-element elementor-element-3c742411 elementor-widget elementor-widget-heading\" data-id=\"3c742411\" data-element_type=\"widget\" data-e-type=\"widget\" data-widget_type=\"heading.default\">\n\t\t\t\t<div class=\"elementor-widget-container\">\n\t\t\t\t\t<h3 class=\"elementor-heading-title elementor-size-default\">Ne znate odakle da po\u010dnete ili imate konkretan problem?<\/h3>\t\t\t\t<\/div>\n\t\t\t\t<\/div>\n\t\t\t\t<div class=\"elementor-element elementor-element-70b0d426 elementor-widget elementor-widget-text-editor\" data-id=\"70b0d426\" data-element_type=\"widget\" data-e-type=\"widget\" data-widget_type=\"text-editor.default\">\n\t\t\t\t<div class=\"elementor-widget-container\">\n\t\t\t\t\t\t\t\t\t<p>Po\u010detna konsultacija je potpuno besplatna! Na\u0161 cilj je zaista pomo\u0107i klijentima da ostvare svoje ciljeve. Razgovara\u0107ete direktno s jednim od na\u0161ih konsultanata \u2013 bez napadnih prodajnih taktika i bez bilo kakvih obaveza. <br \/><strong>Iskoristite priliku \u2013 uvjerite se sami!<\/strong><\/p>\t\t\t\t\t\t\t\t<\/div>\n\t\t\t\t<\/div>\n\t\t\t\t\t<\/div>\n\t\t<\/div>\n\t\t\t\t<div class=\"elementor-column elementor-col-50 elementor-inner-column elementor-element elementor-element-5f288e1a\" data-id=\"5f288e1a\" data-element_type=\"column\" data-e-type=\"column\">\n\t\t\t<div class=\"elementor-widget-wrap elementor-element-populated\">\n\t\t\t\t\t\t<div class=\"elementor-element elementor-element-995862d elementor-align-right elementor-tablet-align-center elementor-widget elementor-widget-button\" data-id=\"995862d\" data-element_type=\"widget\" data-e-type=\"widget\" data-widget_type=\"button.default\">\n\t\t\t\t<div class=\"elementor-widget-container\">\n\t\t\t\t\t\t\t\t\t<div class=\"elementor-button-wrapper\">\n\t\t\t\t\t<a class=\"elementor-button elementor-button-link elementor-size-sm\" href=\"https:\/\/consalta.ba\/ba\/kontakt\/\">\n\t\t\t\t\t\t<span class=\"elementor-button-content-wrapper\">\n\t\t\t\t\t\t\t\t\t<span class=\"elementor-button-text\">Besplatna konsultacija<\/span>\n\t\t\t\t\t<\/span>\n\t\t\t\t\t<\/a>\n\t\t\t\t<\/div>\n\t\t\t\t\t\t\t\t<\/div>\n\t\t\t\t<\/div>\n\t\t\t\t\t<\/div>\n\t\t<\/div>\n\t\t\t\t\t<\/div>\n\t\t<\/section>\n\t\t\t\t\t<\/div>\n\t\t<\/div>\n\t\t\t\t\t<\/div>\n\t\t<\/section>\n\t\t\t\t<\/div>","protected":false},"excerpt":{"rendered":"<p>ISO 22301:2019 BCMS &#8211; Business Continuity Management System All organizations (be it the public or private sector) are under increasing pressure to plan for times of crisis. These days organizations [&hellip;]<\/p>\n","protected":false},"author":1,"featured_media":0,"parent":0,"menu_order":0,"comment_status":"closed","ping_status":"closed","template":"","meta":{"site-sidebar-layout":"no-sidebar","site-content-layout":"page-builder","ast-site-content-layout":"default","site-content-style":"default","site-sidebar-style":"default","ast-global-header-display":"","ast-banner-title-visibility":"","ast-main-header-display":"","ast-hfb-above-header-display":"","ast-hfb-below-header-display":"","ast-hfb-mobile-header-display":"","site-post-title":"disabled","ast-breadcrumbs-content":"","ast-featured-img":"disabled","footer-sml-layout":"","ast-disable-related-posts":"","theme-transparent-header-meta":"","adv-header-id-meta":"","stick-header-meta":"","header-above-stick-meta":"","header-main-stick-meta":"","header-below-stick-meta":"","astra-migrate-meta-layouts":"default","ast-page-background-enabled":"default","ast-page-background-meta":{"desktop":{"background-color":"","background-image":"","background-repeat":"repeat","background-position":"center center","background-size":"auto","background-attachment":"scroll","background-type":"","background-media":"","overlay-type":"","overlay-color":"","overlay-opacity":"","overlay-gradient":""},"tablet":{"background-color":"","background-image":"","background-repeat":"repeat","background-position":"center center","background-size":"auto","background-attachment":"scroll","background-type":"","background-media":"","overlay-type":"","overlay-color":"","overlay-opacity":"","overlay-gradient":""},"mobile":{"background-color":"","background-image":"","background-repeat":"repeat","background-position":"center center","background-size":"auto","background-attachment":"scroll","background-type":"","background-media":"","overlay-type":"","overlay-color":"","overlay-opacity":"","overlay-gradient":""}},"ast-content-background-meta":{"desktop":{"background-color":"var(--ast-global-color-5)","background-image":"","background-repeat":"repeat","background-position":"center center","background-size":"auto","background-attachment":"scroll","background-type":"","background-media":"","overlay-type":"","overlay-color":"","overlay-opacity":"","overlay-gradient":""},"tablet":{"background-color":"var(--ast-global-color-5)","background-image":"","background-repeat":"repeat","background-position":"center center","background-size":"auto","background-attachment":"scroll","background-type":"","background-media":"","overlay-type":"","overlay-color":"","overlay-opacity":"","overlay-gradient":""},"mobile":{"background-color":"var(--ast-global-color-5)","background-image":"","background-repeat":"repeat","background-position":"center center","background-size":"auto","background-attachment":"scroll","background-type":"","background-media":"","overlay-type":"","overlay-color":"","overlay-opacity":"","overlay-gradient":""}},"footnotes":""},"class_list":["post-1940","page","type-page","status-publish","hentry"],"yoast_head":"<!-- This site is optimized with the Yoast SEO plugin v27.3 - https:\/\/yoast.com\/product\/yoast-seo-wordpress\/ -->\n<title>BCMS - ISO 22301 - Consalta<\/title>\n<meta name=\"robots\" content=\"index, follow, max-snippet:-1, max-image-preview:large, max-video-preview:-1\" \/>\n<link rel=\"canonical\" href=\"https:\/\/consalta.ba\/ba\/bcms-sistem-upravljanja-kontinuitetom-poslovanja-iso-22301\/\" \/>\n<meta property=\"og:locale\" content=\"bs_BA\" \/>\n<meta property=\"og:type\" content=\"article\" \/>\n<meta property=\"og:title\" content=\"BCMS - ISO 22301 - Consalta\" \/>\n<meta property=\"og:description\" content=\"ISO 22301:2019 BCMS &#8211; Business Continuity Management System All organizations (be it the public or private sector) are under increasing pressure to plan for times of crisis. These days organizations [&hellip;]\" \/>\n<meta property=\"og:url\" content=\"https:\/\/consalta.ba\/ba\/bcms-sistem-upravljanja-kontinuitetom-poslovanja-iso-22301\/\" \/>\n<meta property=\"og:site_name\" content=\"Consalta\" \/>\n<meta property=\"article:modified_time\" content=\"2024-10-21T17:46:16+00:00\" \/>\n<meta property=\"og:image\" content=\"https:\/\/consalta.ba\/wp-content\/uploads\/2023\/04\/t-600x800-1.jpg\" \/>\n<meta name=\"twitter:card\" content=\"summary_large_image\" \/>\n<meta name=\"twitter:label1\" content=\"Est. reading time\" \/>\n\t<meta name=\"twitter:data1\" content=\"2 minute\" \/>\n<script type=\"application\/ld+json\" class=\"yoast-schema-graph\">{\"@context\":\"https:\\\/\\\/schema.org\",\"@graph\":[{\"@type\":\"WebPage\",\"@id\":\"https:\\\/\\\/consalta.ba\\\/en\\\/bcms-business-continuity-management-system-iso-22301\\\/\",\"url\":\"https:\\\/\\\/consalta.ba\\\/en\\\/bcms-business-continuity-management-system-iso-22301\\\/\",\"name\":\"BCMS - ISO 22301 - Consalta\",\"isPartOf\":{\"@id\":\"https:\\\/\\\/consalta.ba\\\/en\\\/#website\"},\"primaryImageOfPage\":{\"@id\":\"https:\\\/\\\/consalta.ba\\\/en\\\/bcms-business-continuity-management-system-iso-22301\\\/#primaryimage\"},\"image\":{\"@id\":\"https:\\\/\\\/consalta.ba\\\/en\\\/bcms-business-continuity-management-system-iso-22301\\\/#primaryimage\"},\"thumbnailUrl\":\"https:\\\/\\\/consalta.ba\\\/wp-content\\\/uploads\\\/2023\\\/04\\\/t-600x800-1.jpg\",\"datePublished\":\"2023-04-14T13:51:04+00:00\",\"dateModified\":\"2024-10-21T17:46:16+00:00\",\"breadcrumb\":{\"@id\":\"https:\\\/\\\/consalta.ba\\\/en\\\/bcms-business-continuity-management-system-iso-22301\\\/#breadcrumb\"},\"inLanguage\":\"bs-BA\",\"potentialAction\":[{\"@type\":\"ReadAction\",\"target\":[\"https:\\\/\\\/consalta.ba\\\/en\\\/bcms-business-continuity-management-system-iso-22301\\\/\"]}]},{\"@type\":\"ImageObject\",\"inLanguage\":\"bs-BA\",\"@id\":\"https:\\\/\\\/consalta.ba\\\/en\\\/bcms-business-continuity-management-system-iso-22301\\\/#primaryimage\",\"url\":\"https:\\\/\\\/consalta.ba\\\/wp-content\\\/uploads\\\/2023\\\/04\\\/t-600x800-1.jpg\",\"contentUrl\":\"https:\\\/\\\/consalta.ba\\\/wp-content\\\/uploads\\\/2023\\\/04\\\/t-600x800-1.jpg\"},{\"@type\":\"BreadcrumbList\",\"@id\":\"https:\\\/\\\/consalta.ba\\\/en\\\/bcms-business-continuity-management-system-iso-22301\\\/#breadcrumb\",\"itemListElement\":[{\"@type\":\"ListItem\",\"position\":1,\"name\":\"Home\",\"item\":\"https:\\\/\\\/consalta.ba\\\/en\\\/\"},{\"@type\":\"ListItem\",\"position\":2,\"name\":\"BCMS &#8211; ISO 22301\"}]},{\"@type\":\"WebSite\",\"@id\":\"https:\\\/\\\/consalta.ba\\\/en\\\/#website\",\"url\":\"https:\\\/\\\/consalta.ba\\\/en\\\/\",\"name\":\"Consalta\",\"description\":\"Get Certified!\",\"publisher\":{\"@id\":\"https:\\\/\\\/consalta.ba\\\/en\\\/#organization\"},\"potentialAction\":[{\"@type\":\"SearchAction\",\"target\":{\"@type\":\"EntryPoint\",\"urlTemplate\":\"https:\\\/\\\/consalta.ba\\\/en\\\/?s={search_term_string}\"},\"query-input\":{\"@type\":\"PropertyValueSpecification\",\"valueRequired\":true,\"valueName\":\"search_term_string\"}}],\"inLanguage\":\"bs-BA\"},{\"@type\":\"Organization\",\"@id\":\"https:\\\/\\\/consalta.ba\\\/en\\\/#organization\",\"name\":\"Consalta\",\"url\":\"https:\\\/\\\/consalta.ba\\\/en\\\/\",\"logo\":{\"@type\":\"ImageObject\",\"inLanguage\":\"bs-BA\",\"@id\":\"https:\\\/\\\/consalta.ba\\\/en\\\/#\\\/schema\\\/logo\\\/image\\\/\",\"url\":\"https:\\\/\\\/consalta.ba\\\/wp-content\\\/uploads\\\/2024\\\/11\\\/Logo-getcert-2024_transpback_blue-black.png\",\"contentUrl\":\"https:\\\/\\\/consalta.ba\\\/wp-content\\\/uploads\\\/2024\\\/11\\\/Logo-getcert-2024_transpback_blue-black.png\",\"width\":\"617\",\"height\":\"90\",\"caption\":\"Consalta\"},\"image\":{\"@id\":\"https:\\\/\\\/consalta.ba\\\/en\\\/#\\\/schema\\\/logo\\\/image\\\/\"},\"sameAs\":[\"https:\\\/\\\/ba.linkedin.com\\\/company\\\/consalta-d.o.o.\"]}]}<\/script>\n<!-- \/ Yoast SEO plugin. -->","yoast_head_json":{"title":"BCMS - ISO 22301 - Konsalta","robots":{"index":"index","follow":"follow","max-snippet":"max-snippet:-1","max-image-preview":"max-image-preview:large","max-video-preview":"max-video-preview:-1"},"canonical":"https:\/\/consalta.ba\/ba\/bcms-sistem-upravljanja-kontinuitetom-poslovanja-iso-22301\/","og_locale":"bs_BA","og_type":"article","og_title":"BCMS - ISO 22301 - Consalta","og_description":"ISO 22301:2019 BCMS &#8211; Business Continuity Management System All organizations (be it the public or private sector) are under increasing pressure to plan for times of crisis. These days organizations [&hellip;]","og_url":"https:\/\/consalta.ba\/ba\/bcms-sistem-upravljanja-kontinuitetom-poslovanja-iso-22301\/","og_site_name":"Consalta","article_modified_time":"2024-10-21T17:46:16+00:00","og_image":[{"url":"https:\/\/consalta.ba\/wp-content\/uploads\/2023\/04\/t-600x800-1.jpg","type":"","width":"","height":""}],"twitter_card":"summary_large_image","twitter_misc":{"Est. reading time":"2 minute"},"schema":{"@context":"https:\/\/schema.org","@graph":[{"@type":"WebPage","@id":"https:\/\/consalta.ba\/en\/bcms-business-continuity-management-system-iso-22301\/","url":"https:\/\/consalta.ba\/en\/bcms-business-continuity-management-system-iso-22301\/","name":"BCMS - ISO 22301 - Konsalta","isPartOf":{"@id":"https:\/\/consalta.ba\/en\/#website"},"primaryImageOfPage":{"@id":"https:\/\/consalta.ba\/en\/bcms-business-continuity-management-system-iso-22301\/#primaryimage"},"image":{"@id":"https:\/\/consalta.ba\/en\/bcms-business-continuity-management-system-iso-22301\/#primaryimage"},"thumbnailUrl":"https:\/\/consalta.ba\/wp-content\/uploads\/2023\/04\/t-600x800-1.jpg","datePublished":"2023-04-14T13:51:04+00:00","dateModified":"2024-10-21T17:46:16+00:00","breadcrumb":{"@id":"https:\/\/consalta.ba\/en\/bcms-business-continuity-management-system-iso-22301\/#breadcrumb"},"inLanguage":"bs-BA","potentialAction":[{"@type":"ReadAction","target":["https:\/\/consalta.ba\/en\/bcms-business-continuity-management-system-iso-22301\/"]}]},{"@type":"ImageObject","inLanguage":"bs-BA","@id":"https:\/\/consalta.ba\/en\/bcms-business-continuity-management-system-iso-22301\/#primaryimage","url":"https:\/\/consalta.ba\/wp-content\/uploads\/2023\/04\/t-600x800-1.jpg","contentUrl":"https:\/\/consalta.ba\/wp-content\/uploads\/2023\/04\/t-600x800-1.jpg"},{"@type":"BreadcrumbList","@id":"https:\/\/consalta.ba\/en\/bcms-business-continuity-management-system-iso-22301\/#breadcrumb","itemListElement":[{"@type":"ListItem","position":1,"name":"Home","item":"https:\/\/consalta.ba\/en\/"},{"@type":"ListItem","position":2,"name":"BCMS &#8211; ISO 22301"}]},{"@type":"WebSite","@id":"https:\/\/consalta.ba\/en\/#website","url":"https:\/\/consalta.ba\/en\/","name":"Consalta","description":"Obezbijedite certifikat!","publisher":{"@id":"https:\/\/consalta.ba\/en\/#organization"},"potentialAction":[{"@type":"SearchAction","target":{"@type":"EntryPoint","urlTemplate":"https:\/\/consalta.ba\/en\/?s={search_term_string}"},"query-input":{"@type":"PropertyValueSpecification","valueRequired":true,"valueName":"search_term_string"}}],"inLanguage":"bs-BA"},{"@type":"Organization","@id":"https:\/\/consalta.ba\/en\/#organization","name":"Consalta","url":"https:\/\/consalta.ba\/en\/","logo":{"@type":"ImageObject","inLanguage":"bs-BA","@id":"https:\/\/consalta.ba\/en\/#\/schema\/logo\/image\/","url":"https:\/\/consalta.ba\/wp-content\/uploads\/2024\/11\/Logo-getcert-2024_transpback_blue-black.png","contentUrl":"https:\/\/consalta.ba\/wp-content\/uploads\/2024\/11\/Logo-getcert-2024_transpback_blue-black.png","width":"617","height":"90","caption":"Consalta"},"image":{"@id":"https:\/\/consalta.ba\/en\/#\/schema\/logo\/image\/"},"sameAs":["https:\/\/ba.linkedin.com\/company\/consalta-d.o.o."]}]}},"rttpg_featured_image_url":null,"rttpg_author":{"display_name":"OJB","author_link":"https:\/\/consalta.ba\/ba\/author\/admin_8k999oh2\/"},"rttpg_comment":0,"rttpg_category":null,"rttpg_excerpt":"ISO 22301:2019 BCMS &#8211; Business Continuity Management System All organizations (be it the public or private sector) are under increasing pressure to plan for times of crisis. These days organizations [&hellip;]","_links":{"self":[{"href":"https:\/\/consalta.ba\/ba\/wp-json\/wp\/v2\/pages\/1940","targetHints":{"allow":["GET"]}}],"collection":[{"href":"https:\/\/consalta.ba\/ba\/wp-json\/wp\/v2\/pages"}],"about":[{"href":"https:\/\/consalta.ba\/ba\/wp-json\/wp\/v2\/types\/page"}],"author":[{"embeddable":true,"href":"https:\/\/consalta.ba\/ba\/wp-json\/wp\/v2\/users\/1"}],"replies":[{"embeddable":true,"href":"https:\/\/consalta.ba\/ba\/wp-json\/wp\/v2\/comments?post=1940"}],"version-history":[{"count":20,"href":"https:\/\/consalta.ba\/ba\/wp-json\/wp\/v2\/pages\/1940\/revisions"}],"predecessor-version":[{"id":2659,"href":"https:\/\/consalta.ba\/ba\/wp-json\/wp\/v2\/pages\/1940\/revisions\/2659"}],"wp:attachment":[{"href":"https:\/\/consalta.ba\/ba\/wp-json\/wp\/v2\/media?parent=1940"}],"curies":[{"name":"wp","href":"https:\/\/api.w.org\/{rel}","templated":true}]}}